{"id":3095,"date":"2022-11-22T10:51:48","date_gmt":"2022-11-22T10:51:48","guid":{"rendered":"https:\/\/www.saminter.com\/serveis\/desenvolupament-de-software\/"},"modified":"2023-02-03T17:34:58","modified_gmt":"2023-02-03T17:34:58","slug":"desenvolupament-de-software","status":"publish","type":"page","link":"https:\/\/www.saminter.com\/ca\/serveis\/desenvolupament-de-software\/","title":{"rendered":"Desenvolupament de software"},"content":{"rendered":"\n<div class=\"wp-block-uagb-container uagb-block-4c4927c9 alignfull uagb-is-root-container\"><div class=\"uagb-container-inner-blocks-wrap\">\n<div class=\"wp-block-uagb-advanced-heading uagb-block-0b5115cb\"><h1 class=\"uagb-heading-text\">DESENVOLUPAMENT DE SOFTWARE<\/h1><\/div>\n<\/div><\/div>\n\n<div class=\"wp-block-uagb-container uagb-block-b7b3a8d3 alignfull uagb-is-root-container\"><div class=\"uagb-container-inner-blocks-wrap\">\n<div class=\"wp-block-columns is-layout-flex wp-container-core-columns-is-layout-3a3ed5f3 wp-block-columns-is-layout-flex\" style=\"padding-top:0;padding-bottom:0px;padding-left:0\">\n<div class=\"wp-block-column is-layout-flow wp-block-column-is-layout-flow\" style=\"padding-right:0px;padding-bottom:40px;flex-basis:62%\">\n<div class=\"wp-block-uagb-advanced-heading uagb-block-98d75314\"><h3 class=\"uagb-heading-text\"><a href=\"https:\/\/www.saminter.com\/ca\/serveis\/\">Serveis<\/a><\/h3><\/div>\n\n\n\n<div class=\"wp-block-uagb-advanced-heading uagb-block-a93ba5b9\"><h2 class=\"uagb-heading-text\">Desenvolupament de software<\/h2><\/div>\n\n\n\n<p>Desenvolupem programari <strong>amb l&#8217;objectiu que el vostre negoci o empresa pugui comptar amb un programa inform\u00e0tic 100% personalitzat<\/strong> i aprofitar-se dels seus avantatges, sigui quin sigui el projecte.<\/p>\n\n\n\n<p>Les aplicacions est\u00e0ndard (generalistes i prefabricades) moltes vegades no solucionen les teves tasques di\u00e0ries i s&#8217;ha de treballar amb diferents aplicacions, per tant, els teus processos de treball s&#8217;allarguen, dupliques accions, es cometen errors en passar dades i trobes limitacions en molts dels teus procediments.<\/p>\n\n\n\n<p>Aix\u00f2 suposa temps i esfor\u00e7 malbaratat sense aconseguir els teus objectius, per\u00f2, en fer una aplicaci\u00f3 a mida <b>ser\u00e0 l&#8217;aplicaci\u00f3<\/b> &nbsp;la que s&#8217;adapti a la teva empresa, <b>i no al rev\u00e9s.<\/b><\/p>\n<\/div>\n\n\n\n<div class=\"wp-block-column is-layout-flow wp-container-core-column-is-layout-8a368f38 wp-block-column-is-layout-flow\">\n<figure class=\"wp-block-image size-full\"><img loading=\"lazy\" decoding=\"async\" width=\"800\" height=\"800\" src=\"https:\/\/www.saminter.com\/wp-content\/uploads\/2023\/01\/software-bn-1.jpg\" alt=\"\" class=\"wp-image-3005\" srcset=\"https:\/\/www.saminter.com\/wp-content\/uploads\/2023\/01\/software-bn-1.jpg 800w, https:\/\/www.saminter.com\/wp-content\/uploads\/2023\/01\/software-bn-1-300x300.jpg 300w, https:\/\/www.saminter.com\/wp-content\/uploads\/2023\/01\/software-bn-1-150x150.jpg 150w, https:\/\/www.saminter.com\/wp-content\/uploads\/2023\/01\/software-bn-1-768x768.jpg 768w\" sizes=\"auto, (max-width: 800px) 100vw, 800px\" \/><\/figure>\n<\/div>\n<\/div>\n<\/div><\/div>\n\n<div class=\"wp-block-uagb-container uagb-block-1d191ab8 alignfull uagb-is-root-container\"><div class=\"uagb-container-inner-blocks-wrap\">\n<div class=\"wp-block-uagb-info-box uagb-block-5a017376 uagb-infobox__content-wrap  uagb-infobox-icon-above-title uagb-infobox-image-valign-top flecha_servicios\"><div class=\"uagb-ifb-content\"><div class=\"uagb-ifb-icon-wrap\"><svg xmlns=\"https:\/\/www.w3.org\/2000\/svg\" viewbox=\"0 0 512 512\"><path d=\"M256 0C114.6 0 0 114.6 0 256c0 141.4 114.6 256 256 256s256-114.6 256-256C512 114.6 397.4 0 256 0zM390.6 246.6l-112 112C272.4 364.9 264.2 368 256 368s-16.38-3.125-22.62-9.375l-112-112c-12.5-12.5-12.5-32.75 0-45.25s32.75-12.5 45.25 0L256 290.8l89.38-89.38c12.5-12.5 32.75-12.5 45.25 0S403.1 234.1 390.6 246.6z\"><\/path><\/svg><\/div><div class=\"uagb-ifb-title-wrap\"><\/div><\/div><\/div>\n<\/div><\/div>\n\n<div class=\"wp-block-uagb-container uagb-block-2aef6d33 alignfull uagb-is-root-container\"><div class=\"uagb-container-inner-blocks-wrap\">\n<div class=\"wp-block-uagb-advanced-heading uagb-block-a7a7683b\"><h4 class=\"uagb-heading-text\"><a href=\"https:\/\/www.saminter.com\/ca\/serveis\/\">Aplicacions Sam\u00ednter<\/a><\/h4><\/div>\n\n\n\n<div class=\"wp-block-uagb-advanced-heading uagb-block-a4333722\"><h2 class=\"uagb-heading-text\">Avantatges de les aplicacions web a mida<\/h2><\/div>\n\n\n\n<p class=\"ancho_subtitulo\">Per a la majoria de programes de gesti\u00f3 \u00e9s recomanable fer-los al n\u00favol, \u00e9s a dir, tipus web i no d&#8217;escriptori. S\u00f3n molts els avantatges que proporciona, a continuaci\u00f3, enumerem alguns avantatges de realitzar una programaci\u00f3 d&#8217;aplicacions a mida i al n\u00favol:<\/p>\n\n\n\n<div class=\"wp-block-columns is-layout-flex wp-container-core-columns-is-layout-8b2cf334 wp-block-columns-is-layout-flex\" style=\"border-radius:0px;padding-top:40px\">\n<div class=\"wp-block-column is-layout-flow wp-block-column-is-layout-flow\">\n<div class=\"wp-block-uagb-info-box uagb-block-35d11752 uagb-infobox__content-wrap  uagb-infobox-icon-left uagb-infobox-left uagb-infobox-stacked-tablet uagb-infobox-image-valign-top\"><div class=\"uagb-ifb-icon-wrap\"><svg xmlns=\"https:\/\/www.w3.org\/2000\/svg\" viewbox=\"0 0 448 512\"><path d=\"M438.6 105.4C451.1 117.9 451.1 138.1 438.6 150.6L182.6 406.6C170.1 419.1 149.9 419.1 137.4 406.6L9.372 278.6C-3.124 266.1-3.124 245.9 9.372 233.4C21.87 220.9 42.13 220.9 54.63 233.4L159.1 338.7L393.4 105.4C405.9 92.88 426.1 92.88 438.6 105.4H438.6z\"><\/path><\/svg><\/div><div class=\"uagb-ifb-content\"><div class=\"uagb-ifb-title-wrap\"><h3 class=\"uagb-ifb-title\">Informaci\u00f3 centralitzada<\/h3><\/div><p class=\"uagb-ifb-desc\">Accedeix des de qualsevol lloc, les dades de la teva empresa estaran segurs i en un sol servidor web.<\/p><\/div><\/div>\n<\/div>\n\n\n\n<div class=\"wp-block-column is-layout-flow wp-block-column-is-layout-flow\">\n<div class=\"wp-block-uagb-info-box uagb-block-512eb1a0 uagb-infobox__content-wrap  uagb-infobox-icon-left uagb-infobox-left uagb-infobox-stacked-tablet uagb-infobox-image-valign-top\"><div class=\"uagb-ifb-icon-wrap\"><svg xmlns=\"https:\/\/www.w3.org\/2000\/svg\" viewbox=\"0 0 448 512\"><path d=\"M438.6 105.4C451.1 117.9 451.1 138.1 438.6 150.6L182.6 406.6C170.1 419.1 149.9 419.1 137.4 406.6L9.372 278.6C-3.124 266.1-3.124 245.9 9.372 233.4C21.87 220.9 42.13 220.9 54.63 233.4L159.1 338.7L393.4 105.4C405.9 92.88 426.1 92.88 438.6 105.4H438.6z\"><\/path><\/svg><\/div><div class=\"uagb-ifb-content\"><div class=\"uagb-ifb-title-wrap\"><h3 class=\"uagb-ifb-title\">Automatitzar processos<\/h3><\/div><p class=\"uagb-ifb-desc\">Automatitza les tasques per estalviar temps, evitar errors, treballar menys i millor.<\/p><\/div><\/div>\n<\/div>\n\n\n\n<div class=\"wp-block-column is-layout-flow wp-block-column-is-layout-flow\">\n<div class=\"wp-block-uagb-info-box uagb-block-aec6ea94 uagb-infobox__content-wrap  uagb-infobox-icon-left uagb-infobox-left uagb-infobox-stacked-tablet uagb-infobox-image-valign-top\"><div class=\"uagb-ifb-icon-wrap\"><svg xmlns=\"https:\/\/www.w3.org\/2000\/svg\" viewbox=\"0 0 448 512\"><path d=\"M438.6 105.4C451.1 117.9 451.1 138.1 438.6 150.6L182.6 406.6C170.1 419.1 149.9 419.1 137.4 406.6L9.372 278.6C-3.124 266.1-3.124 245.9 9.372 233.4C21.87 220.9 42.13 220.9 54.63 233.4L159.1 338.7L393.4 105.4C405.9 92.88 426.1 92.88 438.6 105.4H438.6z\"><\/path><\/svg><\/div><div class=\"uagb-ifb-content\"><div class=\"uagb-ifb-title-wrap\"><h3 class=\"uagb-ifb-title\">Augmenta la teva productivitat<\/h3><\/div><p class=\"uagb-ifb-desc\">Millora els teus resultats i planteja&#8217;t objectius ambiciosos i de millor impacte.<\/p><\/div><\/div>\n<\/div>\n<\/div>\n\n\n\n<div class=\"wp-block-columns is-layout-flex wp-container-core-columns-is-layout-28f84493 wp-block-columns-is-layout-flex\">\n<div class=\"wp-block-column is-layout-flow wp-block-column-is-layout-flow\">\n<div class=\"wp-block-uagb-info-box uagb-block-e53ec416 uagb-infobox__content-wrap  uagb-infobox-icon-left uagb-infobox-left uagb-infobox-stacked-tablet uagb-infobox-image-valign-top\"><div class=\"uagb-ifb-icon-wrap\"><svg xmlns=\"https:\/\/www.w3.org\/2000\/svg\" viewbox=\"0 0 448 512\"><path d=\"M438.6 105.4C451.1 117.9 451.1 138.1 438.6 150.6L182.6 406.6C170.1 419.1 149.9 419.1 137.4 406.6L9.372 278.6C-3.124 266.1-3.124 245.9 9.372 233.4C21.87 220.9 42.13 220.9 54.63 233.4L159.1 338.7L393.4 105.4C405.9 92.88 426.1 92.88 438.6 105.4H438.6z\"><\/path><\/svg><\/div><div class=\"uagb-ifb-content\"><div class=\"uagb-ifb-title-wrap\"><h3 class=\"uagb-ifb-title\">Fomenta la comunicaci\u00f3<\/h3><\/div><p class=\"uagb-ifb-desc\">Pots millorar la comunicaci\u00f3 entre persones de l&#8217;empresa i\/o la comunicaci\u00f3 amb els teus clients.<\/p><\/div><\/div>\n<\/div>\n\n\n\n<div class=\"wp-block-column is-layout-flow wp-block-column-is-layout-flow\">\n<div class=\"wp-block-uagb-info-box uagb-block-9cdb2dfd uagb-infobox__content-wrap  uagb-infobox-icon-left uagb-infobox-left uagb-infobox-stacked-tablet uagb-infobox-image-valign-top\"><div class=\"uagb-ifb-icon-wrap\"><svg xmlns=\"https:\/\/www.w3.org\/2000\/svg\" viewbox=\"0 0 448 512\"><path d=\"M438.6 105.4C451.1 117.9 451.1 138.1 438.6 150.6L182.6 406.6C170.1 419.1 149.9 419.1 137.4 406.6L9.372 278.6C-3.124 266.1-3.124 245.9 9.372 233.4C21.87 220.9 42.13 220.9 54.63 233.4L159.1 338.7L393.4 105.4C405.9 92.88 426.1 92.88 438.6 105.4H438.6z\"><\/path><\/svg><\/div><div class=\"uagb-ifb-content\"><div class=\"uagb-ifb-title-wrap\"><h3 class=\"uagb-ifb-title\">Gesti\u00f3 de dades<\/h3><\/div><p class=\"uagb-ifb-desc\">Accedeix a informaci\u00f3 detallada per poder crear estrat\u00e8gies que augmentin els beneficis.<\/p><\/div><\/div>\n<\/div>\n\n\n\n<div class=\"wp-block-column is-layout-flow wp-block-column-is-layout-flow\">\n<div class=\"wp-block-uagb-info-box uagb-block-e2809cd8 uagb-infobox__content-wrap  uagb-infobox-icon-left uagb-infobox-left uagb-infobox-stacked-tablet uagb-infobox-image-valign-top\"><div class=\"uagb-ifb-icon-wrap\"><svg xmlns=\"https:\/\/www.w3.org\/2000\/svg\" viewbox=\"0 0 448 512\"><path d=\"M438.6 105.4C451.1 117.9 451.1 138.1 438.6 150.6L182.6 406.6C170.1 419.1 149.9 419.1 137.4 406.6L9.372 278.6C-3.124 266.1-3.124 245.9 9.372 233.4C21.87 220.9 42.13 220.9 54.63 233.4L159.1 338.7L393.4 105.4C405.9 92.88 426.1 92.88 438.6 105.4H438.6z\"><\/path><\/svg><\/div><div class=\"uagb-ifb-content\"><div class=\"uagb-ifb-title-wrap\"><h3 class=\"uagb-ifb-title\">Facilita la teva feina i la del teu equip<\/h3><\/div><p class=\"uagb-ifb-desc\">Emmagatzematge al n\u00favol, enviament automatitzat d&#8217;e-mails, informes personalitzats, sistema de cerques\u2026<\/p><\/div><\/div>\n<\/div>\n<\/div>\n<\/div><\/div>\n","protected":false},"excerpt":{"rendered":"<p>DESENVOLUPAMENT DE SOFTWARE Serveis Desenvolupament de software Desenvolupem programari amb l&#8217;objectiu que el vostre negoci o empresa pugui comptar amb un programa inform\u00e0tic 100% personalitzat i aprofitar-se dels seus avantatges, sigui quin sigui el projecte. Les aplicacions est\u00e0ndard (generalistes i prefabricades) moltes vegades no solucionen les teves tasques di\u00e0ries i s&#8217;ha de treballar amb diferents [&hellip;]<\/p>\n","protected":false},"author":1,"featured_media":0,"parent":3062,"menu_order":0,"comment_status":"closed","ping_status":"closed","template":"","meta":{"_uag_custom_page_level_css":"","site-sidebar-layout":"no-sidebar","site-content-layout":"plain-container","ast-site-content-layout":"default","site-content-style":"default","site-sidebar-style":"default","ast-global-header-display":"","ast-banner-title-visibility":"","ast-main-header-display":"","ast-hfb-above-header-display":"","ast-hfb-below-header-display":"","ast-hfb-mobile-header-display":"","site-post-title":"disabled","ast-breadcrumbs-content":"","ast-featured-img":"disabled","footer-sml-layout":"","ast-disable-related-posts":"","theme-transparent-header-meta":"enabled","adv-header-id-meta":"","stick-header-meta":"","header-above-stick-meta":"","header-main-stick-meta":"","header-below-stick-meta":"","astra-migrate-meta-layouts":"default","ast-page-background-enabled":"default","ast-page-background-meta":{"desktop":{"background-color":"var(--ast-global-color-4)","background-image":"","background-repeat":"repeat","background-position":"center center","background-size":"auto","background-attachment":"scroll","background-type":"","background-media":"","overlay-type":"","overlay-color":"","overlay-opacity":"","overlay-gradient":""},"tablet":{"background-color":"","background-image":"","background-repeat":"repeat","background-position":"center center","background-size":"auto","background-attachment":"scroll","background-type":"","background-media":"","overlay-type":"","overlay-color":"","overlay-opacity":"","overlay-gradient":""},"mobile":{"background-color":"","background-image":"","background-repeat":"repeat","background-position":"center center","background-size":"auto","background-attachment":"scroll","background-type":"","background-media":"","overlay-type":"","overlay-color":"","overlay-opacity":"","overlay-gradient":""}},"ast-content-background-meta":{"desktop":{"background-color":"var(--ast-global-color-5)","background-image":"","background-repeat":"repeat","background-position":"center center","background-size":"auto","background-attachment":"scroll","background-type":"","background-media":"","overlay-type":"","overlay-color":"","overlay-opacity":"","overlay-gradient":""},"tablet":{"background-color":"var(--ast-global-color-5)","background-image":"","background-repeat":"repeat","background-position":"center center","background-size":"auto","background-attachment":"scroll","background-type":"","background-media":"","overlay-type":"","overlay-color":"","overlay-opacity":"","overlay-gradient":""},"mobile":{"background-color":"var(--ast-global-color-5)","background-image":"","background-repeat":"repeat","background-position":"center center","background-size":"auto","background-attachment":"scroll","background-type":"","background-media":"","overlay-type":"","overlay-color":"","overlay-opacity":"","overlay-gradient":""}},"footnotes":""},"class_list":["post-3095","page","type-page","status-publish","hentry"],"yoast_head":"<!-- This site is optimized with the Yoast SEO plugin v27.0 - https:\/\/yoast.com\/product\/yoast-seo-wordpress\/ -->\n<title>Desenvolupament de software - Sam\u00ednter<\/title>\n<meta name=\"description\" content=\"Desenvolupament de programari a mida de les necessitats del client. Aplicacions fiables per automatitzar i agilitzar processos\" \/>\n<meta name=\"robots\" content=\"index, follow, max-snippet:-1, max-image-preview:large, max-video-preview:-1\" \/>\n<link rel=\"canonical\" href=\"https:\/\/www.saminter.com\/ca\/serveis\/desenvolupament-de-software\/\" \/>\n<meta property=\"og:locale\" content=\"ca_ES\" \/>\n<meta property=\"og:type\" content=\"article\" \/>\n<meta property=\"og:title\" content=\"Desenvolupament de software - Sam\u00ednter\" \/>\n<meta property=\"og:description\" content=\"Desenvolupament de programari a mida de les necessitats del client. Aplicacions fiables per automatitzar i agilitzar processos\" \/>\n<meta property=\"og:url\" content=\"https:\/\/www.saminter.com\/ca\/serveis\/desenvolupament-de-software\/\" \/>\n<meta property=\"og:site_name\" content=\"Sam\u00ednter\" \/>\n<meta property=\"article:modified_time\" content=\"2023-02-03T17:34:58+00:00\" \/>\n<meta property=\"og:image\" content=\"https:\/\/www.saminter.com\/wp-content\/uploads\/2023\/01\/software-bn-1.jpg\" \/>\n<meta name=\"twitter:card\" content=\"summary_large_image\" \/>\n<meta name=\"twitter:label1\" content=\"Temps estimat de lectura\" \/>\n\t<meta name=\"twitter:data1\" content=\"1 minut\" \/>\n<script type=\"application\/ld+json\" class=\"yoast-schema-graph\">{\"@context\":\"https:\/\/schema.org\",\"@graph\":[{\"@type\":\"WebPage\",\"@id\":\"https:\/\/www.saminter.com\/ca\/serveis\/desenvolupament-de-software\/\",\"url\":\"https:\/\/www.saminter.com\/ca\/serveis\/desenvolupament-de-software\/\",\"name\":\"Desenvolupament de software - Sam\u00ednter\",\"isPartOf\":{\"@id\":\"https:\/\/www.saminter.com\/ca\/#website\"},\"primaryImageOfPage\":{\"@id\":\"https:\/\/www.saminter.com\/ca\/serveis\/desenvolupament-de-software\/#primaryimage\"},\"image\":{\"@id\":\"https:\/\/www.saminter.com\/ca\/serveis\/desenvolupament-de-software\/#primaryimage\"},\"thumbnailUrl\":\"https:\/\/www.saminter.com\/wp-content\/uploads\/2023\/01\/software-bn-1.jpg\",\"datePublished\":\"2022-11-22T10:51:48+00:00\",\"dateModified\":\"2023-02-03T17:34:58+00:00\",\"description\":\"Desenvolupament de programari a mida de les necessitats del client. Aplicacions fiables per automatitzar i agilitzar processos\",\"breadcrumb\":{\"@id\":\"https:\/\/www.saminter.com\/ca\/serveis\/desenvolupament-de-software\/#breadcrumb\"},\"inLanguage\":\"ca\",\"potentialAction\":[{\"@type\":\"ReadAction\",\"target\":[\"https:\/\/www.saminter.com\/ca\/serveis\/desenvolupament-de-software\/\"]}]},{\"@type\":\"ImageObject\",\"inLanguage\":\"ca\",\"@id\":\"https:\/\/www.saminter.com\/ca\/serveis\/desenvolupament-de-software\/#primaryimage\",\"url\":\"https:\/\/www.saminter.com\/wp-content\/uploads\/2023\/01\/software-bn-1.jpg\",\"contentUrl\":\"https:\/\/www.saminter.com\/wp-content\/uploads\/2023\/01\/software-bn-1.jpg\"},{\"@type\":\"BreadcrumbList\",\"@id\":\"https:\/\/www.saminter.com\/ca\/serveis\/desenvolupament-de-software\/#breadcrumb\",\"itemListElement\":[{\"@type\":\"ListItem\",\"position\":1,\"name\":\"Portada\",\"item\":\"https:\/\/www.saminter.com\/ca\/\"},{\"@type\":\"ListItem\",\"position\":2,\"name\":\"Serveis\",\"item\":\"https:\/\/www.saminter.com\/ca\/serveis\/\"},{\"@type\":\"ListItem\",\"position\":3,\"name\":\"Desenvolupament de software\"}]},{\"@type\":\"WebSite\",\"@id\":\"https:\/\/www.saminter.com\/ca\/#website\",\"url\":\"https:\/\/www.saminter.com\/ca\/\",\"name\":\"Sam\u00ednter\",\"description\":\"\",\"publisher\":{\"@id\":\"https:\/\/www.saminter.com\/ca\/#organization\"},\"potentialAction\":[{\"@type\":\"SearchAction\",\"target\":{\"@type\":\"EntryPoint\",\"urlTemplate\":\"https:\/\/www.saminter.com\/ca\/?s={search_term_string}\"},\"query-input\":{\"@type\":\"PropertyValueSpecification\",\"valueRequired\":true,\"valueName\":\"search_term_string\"}}],\"inLanguage\":\"ca\"},{\"@type\":\"Organization\",\"@id\":\"https:\/\/www.saminter.com\/ca\/#organization\",\"name\":\"Sam\u00ednter\",\"url\":\"https:\/\/www.saminter.com\/ca\/\",\"logo\":{\"@type\":\"ImageObject\",\"inLanguage\":\"ca\",\"@id\":\"https:\/\/www.saminter.com\/ca\/#\/schema\/logo\/image\/\",\"url\":\"https:\/\/www.saminter.com\/wp-content\/uploads\/2023\/02\/nou_logo.png\",\"contentUrl\":\"https:\/\/www.saminter.com\/wp-content\/uploads\/2023\/02\/nou_logo.png\",\"width\":530,\"height\":130,\"caption\":\"Sam\u00ednter\"},\"image\":{\"@id\":\"https:\/\/www.saminter.com\/ca\/#\/schema\/logo\/image\/\"}}]}<\/script>\n<!-- \/ Yoast SEO plugin. -->","yoast_head_json":{"title":"Desenvolupament de software - Sam\u00ednter","description":"Desenvolupament de programari a mida de les necessitats del client. Aplicacions fiables per automatitzar i agilitzar processos","robots":{"index":"index","follow":"follow","max-snippet":"max-snippet:-1","max-image-preview":"max-image-preview:large","max-video-preview":"max-video-preview:-1"},"canonical":"https:\/\/www.saminter.com\/ca\/serveis\/desenvolupament-de-software\/","og_locale":"ca_ES","og_type":"article","og_title":"Desenvolupament de software - Sam\u00ednter","og_description":"Desenvolupament de programari a mida de les necessitats del client. Aplicacions fiables per automatitzar i agilitzar processos","og_url":"https:\/\/www.saminter.com\/ca\/serveis\/desenvolupament-de-software\/","og_site_name":"Sam\u00ednter","article_modified_time":"2023-02-03T17:34:58+00:00","og_image":[{"url":"https:\/\/www.saminter.com\/wp-content\/uploads\/2023\/01\/software-bn-1.jpg","type":"","width":"","height":""}],"twitter_card":"summary_large_image","twitter_misc":{"Temps estimat de lectura":"1 minut"},"schema":{"@context":"https:\/\/schema.org","@graph":[{"@type":"WebPage","@id":"https:\/\/www.saminter.com\/ca\/serveis\/desenvolupament-de-software\/","url":"https:\/\/www.saminter.com\/ca\/serveis\/desenvolupament-de-software\/","name":"Desenvolupament de software - Sam\u00ednter","isPartOf":{"@id":"https:\/\/www.saminter.com\/ca\/#website"},"primaryImageOfPage":{"@id":"https:\/\/www.saminter.com\/ca\/serveis\/desenvolupament-de-software\/#primaryimage"},"image":{"@id":"https:\/\/www.saminter.com\/ca\/serveis\/desenvolupament-de-software\/#primaryimage"},"thumbnailUrl":"https:\/\/www.saminter.com\/wp-content\/uploads\/2023\/01\/software-bn-1.jpg","datePublished":"2022-11-22T10:51:48+00:00","dateModified":"2023-02-03T17:34:58+00:00","description":"Desenvolupament de programari a mida de les necessitats del client. Aplicacions fiables per automatitzar i agilitzar processos","breadcrumb":{"@id":"https:\/\/www.saminter.com\/ca\/serveis\/desenvolupament-de-software\/#breadcrumb"},"inLanguage":"ca","potentialAction":[{"@type":"ReadAction","target":["https:\/\/www.saminter.com\/ca\/serveis\/desenvolupament-de-software\/"]}]},{"@type":"ImageObject","inLanguage":"ca","@id":"https:\/\/www.saminter.com\/ca\/serveis\/desenvolupament-de-software\/#primaryimage","url":"https:\/\/www.saminter.com\/wp-content\/uploads\/2023\/01\/software-bn-1.jpg","contentUrl":"https:\/\/www.saminter.com\/wp-content\/uploads\/2023\/01\/software-bn-1.jpg"},{"@type":"BreadcrumbList","@id":"https:\/\/www.saminter.com\/ca\/serveis\/desenvolupament-de-software\/#breadcrumb","itemListElement":[{"@type":"ListItem","position":1,"name":"Portada","item":"https:\/\/www.saminter.com\/ca\/"},{"@type":"ListItem","position":2,"name":"Serveis","item":"https:\/\/www.saminter.com\/ca\/serveis\/"},{"@type":"ListItem","position":3,"name":"Desenvolupament de software"}]},{"@type":"WebSite","@id":"https:\/\/www.saminter.com\/ca\/#website","url":"https:\/\/www.saminter.com\/ca\/","name":"Sam\u00ednter","description":"","publisher":{"@id":"https:\/\/www.saminter.com\/ca\/#organization"},"potentialAction":[{"@type":"SearchAction","target":{"@type":"EntryPoint","urlTemplate":"https:\/\/www.saminter.com\/ca\/?s={search_term_string}"},"query-input":{"@type":"PropertyValueSpecification","valueRequired":true,"valueName":"search_term_string"}}],"inLanguage":"ca"},{"@type":"Organization","@id":"https:\/\/www.saminter.com\/ca\/#organization","name":"Sam\u00ednter","url":"https:\/\/www.saminter.com\/ca\/","logo":{"@type":"ImageObject","inLanguage":"ca","@id":"https:\/\/www.saminter.com\/ca\/#\/schema\/logo\/image\/","url":"https:\/\/www.saminter.com\/wp-content\/uploads\/2023\/02\/nou_logo.png","contentUrl":"https:\/\/www.saminter.com\/wp-content\/uploads\/2023\/02\/nou_logo.png","width":530,"height":130,"caption":"Sam\u00ednter"},"image":{"@id":"https:\/\/www.saminter.com\/ca\/#\/schema\/logo\/image\/"}}]}},"uagb_featured_image_src":{"full":false,"thumbnail":false,"medium":false,"medium_large":false,"large":false,"1536x1536":false,"2048x2048":false},"uagb_author_info":{"display_name":"UsSam","author_link":"https:\/\/www.saminter.com\/ca\/author\/ussam\/"},"uagb_comment_info":0,"uagb_excerpt":"DESENVOLUPAMENT DE SOFTWARE Serveis Desenvolupament de software Desenvolupem programari amb l&#8217;objectiu que el vostre negoci o empresa pugui comptar amb un programa inform\u00e0tic 100% personalitzat i aprofitar-se dels seus avantatges, sigui quin sigui el projecte. Les aplicacions est\u00e0ndard (generalistes i prefabricades) moltes vegades no solucionen les teves tasques di\u00e0ries i s&#8217;ha de treballar amb diferents&hellip;","_links":{"self":[{"href":"https:\/\/www.saminter.com\/ca\/wp-json\/wp\/v2\/pages\/3095","targetHints":{"allow":["GET"]}}],"collection":[{"href":"https:\/\/www.saminter.com\/ca\/wp-json\/wp\/v2\/pages"}],"about":[{"href":"https:\/\/www.saminter.com\/ca\/wp-json\/wp\/v2\/types\/page"}],"author":[{"embeddable":true,"href":"https:\/\/www.saminter.com\/ca\/wp-json\/wp\/v2\/users\/1"}],"replies":[{"embeddable":true,"href":"https:\/\/www.saminter.com\/ca\/wp-json\/wp\/v2\/comments?post=3095"}],"version-history":[{"count":4,"href":"https:\/\/www.saminter.com\/ca\/wp-json\/wp\/v2\/pages\/3095\/revisions"}],"predecessor-version":[{"id":3398,"href":"https:\/\/www.saminter.com\/ca\/wp-json\/wp\/v2\/pages\/3095\/revisions\/3398"}],"up":[{"embeddable":true,"href":"https:\/\/www.saminter.com\/ca\/wp-json\/wp\/v2\/pages\/3062"}],"wp:attachment":[{"href":"https:\/\/www.saminter.com\/ca\/wp-json\/wp\/v2\/media?parent=3095"}],"curies":[{"name":"wp","href":"https:\/\/api.w.org\/{rel}","templated":true}]}}