{"id":3115,"date":"2022-12-12T15:48:22","date_gmt":"2022-12-12T15:48:22","guid":{"rendered":"https:\/\/www.saminter.com\/experiencia\/projecte-club-muntanyenc-aplicacion\/"},"modified":"2023-01-26T11:49:37","modified_gmt":"2023-01-26T11:49:37","slug":"projecte-club-muntanyenc-aplicacion","status":"publish","type":"page","link":"https:\/\/www.saminter.com\/ca\/experiencia\/projecte-club-muntanyenc-aplicacion\/","title":{"rendered":"projecte Club Muntanyenc aplicaci\u00f3n"},"content":{"rendered":"\n<div class=\"wp-block-uagb-container uagb-block-46797451 alignfull uagb-is-root-container\"><div class=\"uagb-container-inner-blocks-wrap\">\n<div class=\"wp-block-uagb-advanced-heading uagb-block-824c38e7\"><h1 class=\"uagb-heading-text\">EXPERI\u00c8NCIA<\/h1><\/div>\n<\/div><\/div>\n\n<div class=\"wp-block-uagb-container uagb-block-a7a34c50 alignfull uagb-is-root-container\"><div class=\"uagb-container-inner-blocks-wrap\">\n<div class=\"wp-block-uagb-advanced-heading uagb-block-e26a46b6\"><h3 class=\"uagb-heading-text\">Projectes Sam\u00ednter<\/h3><\/div>\n\n\n\n<div class=\"wp-block-uagb-advanced-heading uagb-block-85975138\"><h2 class=\"uagb-heading-text\">Club Muntanyenc Sant Cugat<\/h2><\/div>\n<\/div><\/div>\n\n<div class=\"wp-block-uagb-container uagb-block-ed187fda alignfull uagb-is-root-container\"><div class=\"uagb-container-inner-blocks-wrap\">\n<div class=\"wp-block-uagb-container detalle_proyecto_col_izq uagb-block-ae593985\">\n<figure class=\"wp-block-image size-full\"><img loading=\"lazy\" decoding=\"async\" width=\"900\" height=\"398\" src=\"https:\/\/www.saminter.com\/wp-content\/uploads\/2022\/12\/cmsc-1.jpg\" alt=\"\" class=\"wp-image-2744\" srcset=\"https:\/\/www.saminter.com\/wp-content\/uploads\/2022\/12\/cmsc-1.jpg 900w, https:\/\/www.saminter.com\/wp-content\/uploads\/2022\/12\/cmsc-1-300x133.jpg 300w, https:\/\/www.saminter.com\/wp-content\/uploads\/2022\/12\/cmsc-1-768x340.jpg 768w\" sizes=\"auto, (max-width: 900px) 100vw, 900px\" \/><\/figure>\n<\/div>\n\n\n\n<div class=\"wp-block-uagb-container detalle_proyecto_col_der uagb-block-e004afd6\">\n<div class=\"wp-block-uagb-advanced-heading uagb-block-40f1d955\"><h3 class=\"uagb-heading-text\">Client:<\/h3><\/div>\n\n\n\n<p>Club Muntanyenc Sant Cugat.<\/p>\n\n\n\n<div class=\"wp-block-uagb-advanced-heading uagb-block-9777ad27\"><h3 class=\"uagb-heading-text\">Tipus:<\/h3><\/div>\n\n\n\n<p>Aplicaci\u00f3 web.<\/p>\n\n\n\n<div class=\"wp-block-uagb-advanced-heading uagb-block-4a17bc23\"><h3 class=\"uagb-heading-text\"><strong>Descripci\u00f3<\/strong>:<\/h3><\/div>\n\n\n\n<p>Programaci\u00f3 a mida del sistema d\u201finscripcions a activitats, amb tauler de control personalitzat, registre d\u201fusuaris, formulari d\u201finscripci\u00f3 autom\u00e0tic configurable, control d\u201factivitats, inscripcions, pagaments, etc.<\/p>\n\n\n\n<div class=\"wp-block-uagb-advanced-heading uagb-block-d177e25f\"><h3 class=\"uagb-heading-text\"><strong>Tecnologies<\/strong>:<\/h3><\/div>\n\n\n\n<p>PHP, HTML5, CSS3, Javascript, Mysql.<\/p>\n\n\n\n<div class=\"wp-block-uagb-advanced-heading uagb-block-6ade7a75\"><h3 class=\"uagb-heading-text\"><strong>URL<\/strong>:<\/h3><\/div>\n\n\n\n<p>cmsc.cat<\/p>\n<\/div>\n<\/div><\/div>\n","protected":false},"excerpt":{"rendered":"<p>EXPERI\u00c8NCIA Projectes Sam\u00ednter Club Muntanyenc Sant Cugat Client: Club Muntanyenc Sant Cugat. Tipus: Aplicaci\u00f3 web. Descripci\u00f3: Programaci\u00f3 a mida del sistema d\u201finscripcions a activitats, amb tauler de control personalitzat, registre d\u201fusuaris, formulari d\u201finscripci\u00f3 autom\u00e0tic configurable, control d\u201factivitats, inscripcions, pagaments, etc. Tecnologies: PHP, HTML5, CSS3, Javascript, Mysql. URL: cmsc.cat<\/p>\n","protected":false},"author":1,"featured_media":0,"parent":3480,"menu_order":0,"comment_status":"closed","ping_status":"closed","template":"","meta":{"_uag_custom_page_level_css":"","site-sidebar-layout":"no-sidebar","site-content-layout":"plain-container","ast-site-content-layout":"default","site-content-style":"default","site-sidebar-style":"default","ast-global-header-display":"","ast-banner-title-visibility":"","ast-main-header-display":"","ast-hfb-above-header-display":"","ast-hfb-below-header-display":"","ast-hfb-mobile-header-display":"","site-post-title":"disabled","ast-breadcrumbs-content":"","ast-featured-img":"disabled","footer-sml-layout":"","ast-disable-related-posts":"","theme-transparent-header-meta":"enabled","adv-header-id-meta":"","stick-header-meta":"","header-above-stick-meta":"","header-main-stick-meta":"","header-below-stick-meta":"","astra-migrate-meta-layouts":"default","ast-page-background-enabled":"default","ast-page-background-meta":{"desktop":{"background-color":"var(--ast-global-color-4)","background-image":"","background-repeat":"repeat","background-position":"center center","background-size":"auto","background-attachment":"scroll","background-type":"","background-media":"","overlay-type":"","overlay-color":"","overlay-opacity":"","overlay-gradient":""},"tablet":{"background-color":"","background-image":"","background-repeat":"repeat","background-position":"center center","background-size":"auto","background-attachment":"scroll","background-type":"","background-media":"","overlay-type":"","overlay-color":"","overlay-opacity":"","overlay-gradient":""},"mobile":{"background-color":"","background-image":"","background-repeat":"repeat","background-position":"center center","background-size":"auto","background-attachment":"scroll","background-type":"","background-media":"","overlay-type":"","overlay-color":"","overlay-opacity":"","overlay-gradient":""}},"ast-content-background-meta":{"desktop":{"background-color":"var(--ast-global-color-5)","background-image":"","background-repeat":"repeat","background-position":"center center","background-size":"auto","background-attachment":"scroll","background-type":"","background-media":"","overlay-type":"","overlay-color":"","overlay-opacity":"","overlay-gradient":""},"tablet":{"background-color":"var(--ast-global-color-5)","background-image":"","background-repeat":"repeat","background-position":"center center","background-size":"auto","background-attachment":"scroll","background-type":"","background-media":"","overlay-type":"","overlay-color":"","overlay-opacity":"","overlay-gradient":""},"mobile":{"background-color":"var(--ast-global-color-5)","background-image":"","background-repeat":"repeat","background-position":"center center","background-size":"auto","background-attachment":"scroll","background-type":"","background-media":"","overlay-type":"","overlay-color":"","overlay-opacity":"","overlay-gradient":""}},"footnotes":""},"class_list":["post-3115","page","type-page","status-publish","hentry"],"yoast_head":"<!-- This site is optimized with the Yoast SEO plugin v27.0 - https:\/\/yoast.com\/product\/yoast-seo-wordpress\/ -->\n<title>projecte Club Muntanyenc aplicaci\u00f3n - Sam\u00ednter<\/title>\n<meta name=\"robots\" content=\"noindex, follow\" \/>\n<meta property=\"og:locale\" content=\"ca_ES\" \/>\n<meta property=\"og:type\" content=\"article\" \/>\n<meta property=\"og:title\" content=\"projecte Club Muntanyenc aplicaci\u00f3n - Sam\u00ednter\" \/>\n<meta property=\"og:description\" content=\"EXPERI\u00c8NCIA Projectes Sam\u00ednter Club Muntanyenc Sant Cugat Client: Club Muntanyenc Sant Cugat. Tipus: Aplicaci\u00f3 web. Descripci\u00f3: Programaci\u00f3 a mida del sistema d\u201finscripcions a activitats, amb tauler de control personalitzat, registre d\u201fusuaris, formulari d\u201finscripci\u00f3 autom\u00e0tic configurable, control d\u201factivitats, inscripcions, pagaments, etc. Tecnologies: PHP, HTML5, CSS3, Javascript, Mysql. URL: cmsc.cat\" \/>\n<meta property=\"og:url\" content=\"https:\/\/www.saminter.com\/ca\/experiencia\/projecte-club-muntanyenc-aplicacion\/\" \/>\n<meta property=\"og:site_name\" content=\"Sam\u00ednter\" \/>\n<meta property=\"article:modified_time\" content=\"2023-01-26T11:49:37+00:00\" \/>\n<meta property=\"og:image\" content=\"https:\/\/www.saminter.com\/wp-content\/uploads\/2022\/12\/cmsc-1.jpg\" \/>\n<meta name=\"twitter:card\" content=\"summary_large_image\" \/>\n<script type=\"application\/ld+json\" class=\"yoast-schema-graph\">{\"@context\":\"https:\/\/schema.org\",\"@graph\":[{\"@type\":\"WebPage\",\"@id\":\"https:\/\/www.saminter.com\/ca\/experiencia\/projecte-club-muntanyenc-aplicacion\/\",\"url\":\"https:\/\/www.saminter.com\/ca\/experiencia\/projecte-club-muntanyenc-aplicacion\/\",\"name\":\"projecte Club Muntanyenc aplicaci\u00f3n - Sam\u00ednter\",\"isPartOf\":{\"@id\":\"https:\/\/www.saminter.com\/ca\/#website\"},\"primaryImageOfPage\":{\"@id\":\"https:\/\/www.saminter.com\/ca\/experiencia\/projecte-club-muntanyenc-aplicacion\/#primaryimage\"},\"image\":{\"@id\":\"https:\/\/www.saminter.com\/ca\/experiencia\/projecte-club-muntanyenc-aplicacion\/#primaryimage\"},\"thumbnailUrl\":\"https:\/\/www.saminter.com\/wp-content\/uploads\/2022\/12\/cmsc-1.jpg\",\"datePublished\":\"2022-12-12T15:48:22+00:00\",\"dateModified\":\"2023-01-26T11:49:37+00:00\",\"breadcrumb\":{\"@id\":\"https:\/\/www.saminter.com\/ca\/experiencia\/projecte-club-muntanyenc-aplicacion\/#breadcrumb\"},\"inLanguage\":\"ca\",\"potentialAction\":[{\"@type\":\"ReadAction\",\"target\":[\"https:\/\/www.saminter.com\/ca\/experiencia\/projecte-club-muntanyenc-aplicacion\/\"]}]},{\"@type\":\"ImageObject\",\"inLanguage\":\"ca\",\"@id\":\"https:\/\/www.saminter.com\/ca\/experiencia\/projecte-club-muntanyenc-aplicacion\/#primaryimage\",\"url\":\"https:\/\/www.saminter.com\/wp-content\/uploads\/2022\/12\/cmsc-1.jpg\",\"contentUrl\":\"https:\/\/www.saminter.com\/wp-content\/uploads\/2022\/12\/cmsc-1.jpg\"},{\"@type\":\"BreadcrumbList\",\"@id\":\"https:\/\/www.saminter.com\/ca\/experiencia\/projecte-club-muntanyenc-aplicacion\/#breadcrumb\",\"itemListElement\":[{\"@type\":\"ListItem\",\"position\":1,\"name\":\"Portada\",\"item\":\"https:\/\/www.saminter.com\/ca\/\"},{\"@type\":\"ListItem\",\"position\":2,\"name\":\"Experi\u00e8ncia\",\"item\":\"https:\/\/www.saminter.com\/ca\/experiencia\/\"},{\"@type\":\"ListItem\",\"position\":3,\"name\":\"projecte Club Muntanyenc aplicaci\u00f3n\"}]},{\"@type\":\"WebSite\",\"@id\":\"https:\/\/www.saminter.com\/ca\/#website\",\"url\":\"https:\/\/www.saminter.com\/ca\/\",\"name\":\"Sam\u00ednter\",\"description\":\"\",\"publisher\":{\"@id\":\"https:\/\/www.saminter.com\/ca\/#organization\"},\"potentialAction\":[{\"@type\":\"SearchAction\",\"target\":{\"@type\":\"EntryPoint\",\"urlTemplate\":\"https:\/\/www.saminter.com\/ca\/?s={search_term_string}\"},\"query-input\":{\"@type\":\"PropertyValueSpecification\",\"valueRequired\":true,\"valueName\":\"search_term_string\"}}],\"inLanguage\":\"ca\"},{\"@type\":\"Organization\",\"@id\":\"https:\/\/www.saminter.com\/ca\/#organization\",\"name\":\"Sam\u00ednter\",\"url\":\"https:\/\/www.saminter.com\/ca\/\",\"logo\":{\"@type\":\"ImageObject\",\"inLanguage\":\"ca\",\"@id\":\"https:\/\/www.saminter.com\/ca\/#\/schema\/logo\/image\/\",\"url\":\"https:\/\/www.saminter.com\/wp-content\/uploads\/2023\/02\/nou_logo.png\",\"contentUrl\":\"https:\/\/www.saminter.com\/wp-content\/uploads\/2023\/02\/nou_logo.png\",\"width\":530,\"height\":130,\"caption\":\"Sam\u00ednter\"},\"image\":{\"@id\":\"https:\/\/www.saminter.com\/ca\/#\/schema\/logo\/image\/\"}}]}<\/script>\n<!-- \/ Yoast SEO plugin. -->","yoast_head_json":{"title":"projecte Club Muntanyenc aplicaci\u00f3n - Sam\u00ednter","robots":{"index":"noindex","follow":"follow"},"og_locale":"ca_ES","og_type":"article","og_title":"projecte Club Muntanyenc aplicaci\u00f3n - Sam\u00ednter","og_description":"EXPERI\u00c8NCIA Projectes Sam\u00ednter Club Muntanyenc Sant Cugat Client: Club Muntanyenc Sant Cugat. Tipus: Aplicaci\u00f3 web. Descripci\u00f3: Programaci\u00f3 a mida del sistema d\u201finscripcions a activitats, amb tauler de control personalitzat, registre d\u201fusuaris, formulari d\u201finscripci\u00f3 autom\u00e0tic configurable, control d\u201factivitats, inscripcions, pagaments, etc. Tecnologies: PHP, HTML5, CSS3, Javascript, Mysql. URL: cmsc.cat","og_url":"https:\/\/www.saminter.com\/ca\/experiencia\/projecte-club-muntanyenc-aplicacion\/","og_site_name":"Sam\u00ednter","article_modified_time":"2023-01-26T11:49:37+00:00","og_image":[{"url":"https:\/\/www.saminter.com\/wp-content\/uploads\/2022\/12\/cmsc-1.jpg","type":"","width":"","height":""}],"twitter_card":"summary_large_image","schema":{"@context":"https:\/\/schema.org","@graph":[{"@type":"WebPage","@id":"https:\/\/www.saminter.com\/ca\/experiencia\/projecte-club-muntanyenc-aplicacion\/","url":"https:\/\/www.saminter.com\/ca\/experiencia\/projecte-club-muntanyenc-aplicacion\/","name":"projecte Club Muntanyenc aplicaci\u00f3n - Sam\u00ednter","isPartOf":{"@id":"https:\/\/www.saminter.com\/ca\/#website"},"primaryImageOfPage":{"@id":"https:\/\/www.saminter.com\/ca\/experiencia\/projecte-club-muntanyenc-aplicacion\/#primaryimage"},"image":{"@id":"https:\/\/www.saminter.com\/ca\/experiencia\/projecte-club-muntanyenc-aplicacion\/#primaryimage"},"thumbnailUrl":"https:\/\/www.saminter.com\/wp-content\/uploads\/2022\/12\/cmsc-1.jpg","datePublished":"2022-12-12T15:48:22+00:00","dateModified":"2023-01-26T11:49:37+00:00","breadcrumb":{"@id":"https:\/\/www.saminter.com\/ca\/experiencia\/projecte-club-muntanyenc-aplicacion\/#breadcrumb"},"inLanguage":"ca","potentialAction":[{"@type":"ReadAction","target":["https:\/\/www.saminter.com\/ca\/experiencia\/projecte-club-muntanyenc-aplicacion\/"]}]},{"@type":"ImageObject","inLanguage":"ca","@id":"https:\/\/www.saminter.com\/ca\/experiencia\/projecte-club-muntanyenc-aplicacion\/#primaryimage","url":"https:\/\/www.saminter.com\/wp-content\/uploads\/2022\/12\/cmsc-1.jpg","contentUrl":"https:\/\/www.saminter.com\/wp-content\/uploads\/2022\/12\/cmsc-1.jpg"},{"@type":"BreadcrumbList","@id":"https:\/\/www.saminter.com\/ca\/experiencia\/projecte-club-muntanyenc-aplicacion\/#breadcrumb","itemListElement":[{"@type":"ListItem","position":1,"name":"Portada","item":"https:\/\/www.saminter.com\/ca\/"},{"@type":"ListItem","position":2,"name":"Experi\u00e8ncia","item":"https:\/\/www.saminter.com\/ca\/experiencia\/"},{"@type":"ListItem","position":3,"name":"projecte Club Muntanyenc aplicaci\u00f3n"}]},{"@type":"WebSite","@id":"https:\/\/www.saminter.com\/ca\/#website","url":"https:\/\/www.saminter.com\/ca\/","name":"Sam\u00ednter","description":"","publisher":{"@id":"https:\/\/www.saminter.com\/ca\/#organization"},"potentialAction":[{"@type":"SearchAction","target":{"@type":"EntryPoint","urlTemplate":"https:\/\/www.saminter.com\/ca\/?s={search_term_string}"},"query-input":{"@type":"PropertyValueSpecification","valueRequired":true,"valueName":"search_term_string"}}],"inLanguage":"ca"},{"@type":"Organization","@id":"https:\/\/www.saminter.com\/ca\/#organization","name":"Sam\u00ednter","url":"https:\/\/www.saminter.com\/ca\/","logo":{"@type":"ImageObject","inLanguage":"ca","@id":"https:\/\/www.saminter.com\/ca\/#\/schema\/logo\/image\/","url":"https:\/\/www.saminter.com\/wp-content\/uploads\/2023\/02\/nou_logo.png","contentUrl":"https:\/\/www.saminter.com\/wp-content\/uploads\/2023\/02\/nou_logo.png","width":530,"height":130,"caption":"Sam\u00ednter"},"image":{"@id":"https:\/\/www.saminter.com\/ca\/#\/schema\/logo\/image\/"}}]}},"uagb_featured_image_src":{"full":false,"thumbnail":false,"medium":false,"medium_large":false,"large":false,"1536x1536":false,"2048x2048":false},"uagb_author_info":{"display_name":"UsSam","author_link":"https:\/\/www.saminter.com\/ca\/author\/ussam\/"},"uagb_comment_info":0,"uagb_excerpt":"EXPERI\u00c8NCIA Projectes Sam\u00ednter Club Muntanyenc Sant Cugat Client: Club Muntanyenc Sant Cugat. Tipus: Aplicaci\u00f3 web. Descripci\u00f3: Programaci\u00f3 a mida del sistema d\u201finscripcions a activitats, amb tauler de control personalitzat, registre d\u201fusuaris, formulari d\u201finscripci\u00f3 autom\u00e0tic configurable, control d\u201factivitats, inscripcions, pagaments, etc. Tecnologies: PHP, HTML5, CSS3, Javascript, Mysql. URL: cmsc.cat","_links":{"self":[{"href":"https:\/\/www.saminter.com\/ca\/wp-json\/wp\/v2\/pages\/3115","targetHints":{"allow":["GET"]}}],"collection":[{"href":"https:\/\/www.saminter.com\/ca\/wp-json\/wp\/v2\/pages"}],"about":[{"href":"https:\/\/www.saminter.com\/ca\/wp-json\/wp\/v2\/types\/page"}],"author":[{"embeddable":true,"href":"https:\/\/www.saminter.com\/ca\/wp-json\/wp\/v2\/users\/1"}],"replies":[{"embeddable":true,"href":"https:\/\/www.saminter.com\/ca\/wp-json\/wp\/v2\/comments?post=3115"}],"version-history":[{"count":1,"href":"https:\/\/www.saminter.com\/ca\/wp-json\/wp\/v2\/pages\/3115\/revisions"}],"predecessor-version":[{"id":3116,"href":"https:\/\/www.saminter.com\/ca\/wp-json\/wp\/v2\/pages\/3115\/revisions\/3116"}],"up":[{"embeddable":true,"href":"https:\/\/www.saminter.com\/ca\/wp-json\/wp\/v2\/pages\/3480"}],"wp:attachment":[{"href":"https:\/\/www.saminter.com\/ca\/wp-json\/wp\/v2\/media?parent=3115"}],"curies":[{"name":"wp","href":"https:\/\/api.w.org\/{rel}","templated":true}]}}