{"id":3121,"date":"2022-12-12T15:38:08","date_gmt":"2022-12-12T15:38:08","guid":{"rendered":"https:\/\/www.saminter.com\/experiencia\/projecte-enelcurro\/"},"modified":"2023-01-26T11:51:16","modified_gmt":"2023-01-26T11:51:16","slug":"projecte-enelcurro","status":"publish","type":"page","link":"https:\/\/www.saminter.com\/ca\/experiencia\/projecte-enelcurro\/","title":{"rendered":"projecte Enelcurro"},"content":{"rendered":"\n<div class=\"wp-block-uagb-container uagb-block-6051a04b alignfull uagb-is-root-container\"><div class=\"uagb-container-inner-blocks-wrap\">\n<div class=\"wp-block-uagb-advanced-heading uagb-block-1ec43c77\"><h1 class=\"uagb-heading-text\">EXPERI\u00c8NCIA<\/h1><\/div>\n<\/div><\/div>\n\n<div class=\"wp-block-uagb-container uagb-block-4b906104 alignfull uagb-is-root-container\"><div class=\"uagb-container-inner-blocks-wrap\">\n<div class=\"wp-block-uagb-advanced-heading uagb-block-a259596c\"><h3 class=\"uagb-heading-text\">Projectes Sam\u00ednter<\/h3><\/div>\n\n\n\n<div class=\"wp-block-uagb-advanced-heading uagb-block-b0fead71\"><h2 class=\"uagb-heading-text\">En el curro<\/h2><\/div>\n<\/div><\/div>\n\n<div class=\"wp-block-uagb-container uagb-block-81c076cb alignfull uagb-is-root-container\"><div class=\"uagb-container-inner-blocks-wrap\">\n<div class=\"wp-block-uagb-container detalle_proyecto_col_izq uagb-block-1f0ffaac\">\n<figure class=\"wp-block-image size-full\"><img loading=\"lazy\" decoding=\"async\" width=\"900\" height=\"818\" src=\"https:\/\/www.saminter.com\/wp-content\/uploads\/2022\/12\/enelcurro.jpg\" alt=\"\" class=\"wp-image-2726\" srcset=\"https:\/\/www.saminter.com\/wp-content\/uploads\/2022\/12\/enelcurro.jpg 900w, https:\/\/www.saminter.com\/wp-content\/uploads\/2022\/12\/enelcurro-300x273.jpg 300w, https:\/\/www.saminter.com\/wp-content\/uploads\/2022\/12\/enelcurro-768x698.jpg 768w\" sizes=\"auto, (max-width: 900px) 100vw, 900px\" \/><\/figure>\n<\/div>\n\n\n\n<div class=\"wp-block-uagb-container detalle_proyecto_col_der uagb-block-93c45586\">\n<div class=\"wp-block-uagb-advanced-heading uagb-block-fb4b9440\"><h3 class=\"uagb-heading-text\">Client:<\/h3><\/div>\n\n\n\n<p>En el curro.<\/p>\n\n\n\n<div class=\"wp-block-uagb-advanced-heading uagb-block-100cf26c\"><h3 class=\"uagb-heading-text\">Tipus:<\/h3><\/div>\n\n\n\n<p>Portal web &#8211; Forum.<\/p>\n\n\n\n<div class=\"wp-block-uagb-advanced-heading uagb-block-49d37585\"><h3 class=\"uagb-heading-text\"><strong>Descripci\u00f3<\/strong>:<\/h3><\/div>\n\n\n\n<p>Portal dissenyat i programat a mida amb opinions i valoracions d&#8217;usuaris, estad\u00edstiques completes, llocs de treball, not\u00edcies i tot all\u00f2 relacionat amb les empreses i recursos humans.<\/p>\n\n\n\n<div class=\"wp-block-uagb-advanced-heading uagb-block-836ef074\"><h3 class=\"uagb-heading-text\"><strong>Tecnologies<\/strong>:<\/h3><\/div>\n\n\n\n<p>HTML5, CSS3, Javascript, JQuery, PHP, MySQL \u2026<\/p>\n\n\n\n<div class=\"wp-block-uagb-advanced-heading uagb-block-28c31732\"><h3 class=\"uagb-heading-text\"><strong>URL<\/strong>:<\/h3><\/div>\n\n\n\n<p>www.enelcurro.com<\/p>\n<\/div>\n<\/div><\/div>\n","protected":false},"excerpt":{"rendered":"<p>EXPERI\u00c8NCIA Projectes Sam\u00ednter En el curro Client: En el curro. Tipus: Portal web &#8211; Forum. Descripci\u00f3: Portal dissenyat i programat a mida amb opinions i valoracions d&#8217;usuaris, estad\u00edstiques completes, llocs de treball, not\u00edcies i tot all\u00f2 relacionat amb les empreses i recursos humans. Tecnologies: HTML5, CSS3, Javascript, JQuery, PHP, MySQL \u2026 URL: www.enelcurro.com<\/p>\n","protected":false},"author":1,"featured_media":0,"parent":3480,"menu_order":0,"comment_status":"closed","ping_status":"closed","template":"","meta":{"_uag_custom_page_level_css":"","site-sidebar-layout":"no-sidebar","site-content-layout":"plain-container","ast-site-content-layout":"default","site-content-style":"default","site-sidebar-style":"default","ast-global-header-display":"","ast-banner-title-visibility":"","ast-main-header-display":"","ast-hfb-above-header-display":"","ast-hfb-below-header-display":"","ast-hfb-mobile-header-display":"","site-post-title":"disabled","ast-breadcrumbs-content":"","ast-featured-img":"disabled","footer-sml-layout":"","ast-disable-related-posts":"","theme-transparent-header-meta":"enabled","adv-header-id-meta":"","stick-header-meta":"","header-above-stick-meta":"","header-main-stick-meta":"","header-below-stick-meta":"","astra-migrate-meta-layouts":"default","ast-page-background-enabled":"default","ast-page-background-meta":{"desktop":{"background-color":"var(--ast-global-color-4)","background-image":"","background-repeat":"repeat","background-position":"center center","background-size":"auto","background-attachment":"scroll","background-type":"","background-media":"","overlay-type":"","overlay-color":"","overlay-opacity":"","overlay-gradient":""},"tablet":{"background-color":"","background-image":"","background-repeat":"repeat","background-position":"center center","background-size":"auto","background-attachment":"scroll","background-type":"","background-media":"","overlay-type":"","overlay-color":"","overlay-opacity":"","overlay-gradient":""},"mobile":{"background-color":"","background-image":"","background-repeat":"repeat","background-position":"center center","background-size":"auto","background-attachment":"scroll","background-type":"","background-media":"","overlay-type":"","overlay-color":"","overlay-opacity":"","overlay-gradient":""}},"ast-content-background-meta":{"desktop":{"background-color":"var(--ast-global-color-5)","background-image":"","background-repeat":"repeat","background-position":"center center","background-size":"auto","background-attachment":"scroll","background-type":"","background-media":"","overlay-type":"","overlay-color":"","overlay-opacity":"","overlay-gradient":""},"tablet":{"background-color":"var(--ast-global-color-5)","background-image":"","background-repeat":"repeat","background-position":"center center","background-size":"auto","background-attachment":"scroll","background-type":"","background-media":"","overlay-type":"","overlay-color":"","overlay-opacity":"","overlay-gradient":""},"mobile":{"background-color":"var(--ast-global-color-5)","background-image":"","background-repeat":"repeat","background-position":"center center","background-size":"auto","background-attachment":"scroll","background-type":"","background-media":"","overlay-type":"","overlay-color":"","overlay-opacity":"","overlay-gradient":""}},"footnotes":""},"class_list":["post-3121","page","type-page","status-publish","hentry"],"yoast_head":"<!-- This site is optimized with the Yoast SEO plugin v27.5 - https:\/\/yoast.com\/product\/yoast-seo-wordpress\/ -->\n<title>projecte Enelcurro - Sam\u00ednter<\/title>\n<meta name=\"robots\" content=\"noindex, follow\" \/>\n<meta property=\"og:locale\" content=\"ca_ES\" \/>\n<meta property=\"og:type\" content=\"article\" \/>\n<meta property=\"og:title\" content=\"projecte Enelcurro - Sam\u00ednter\" \/>\n<meta property=\"og:description\" content=\"EXPERI\u00c8NCIA Projectes Sam\u00ednter En el curro Client: En el curro. Tipus: Portal web &#8211; Forum. Descripci\u00f3: Portal dissenyat i programat a mida amb opinions i valoracions d&#8217;usuaris, estad\u00edstiques completes, llocs de treball, not\u00edcies i tot all\u00f2 relacionat amb les empreses i recursos humans. Tecnologies: HTML5, CSS3, Javascript, JQuery, PHP, MySQL \u2026 URL: www.enelcurro.com\" \/>\n<meta property=\"og:url\" content=\"https:\/\/www.saminter.com\/ca\/experiencia\/projecte-enelcurro\/\" \/>\n<meta property=\"og:site_name\" content=\"Sam\u00ednter\" \/>\n<meta property=\"article:modified_time\" content=\"2023-01-26T11:51:16+00:00\" \/>\n<meta property=\"og:image\" content=\"https:\/\/www.saminter.com\/wp-content\/uploads\/2022\/12\/enelcurro.jpg\" \/>\n<meta name=\"twitter:card\" content=\"summary_large_image\" \/>\n<script type=\"application\/ld+json\" class=\"yoast-schema-graph\">{\"@context\":\"https:\\\/\\\/schema.org\",\"@graph\":[{\"@type\":\"WebPage\",\"@id\":\"https:\\\/\\\/www.saminter.com\\\/ca\\\/experiencia\\\/projecte-enelcurro\\\/\",\"url\":\"https:\\\/\\\/www.saminter.com\\\/ca\\\/experiencia\\\/projecte-enelcurro\\\/\",\"name\":\"projecte Enelcurro - Sam\u00ednter\",\"isPartOf\":{\"@id\":\"https:\\\/\\\/www.saminter.com\\\/ca\\\/#website\"},\"primaryImageOfPage\":{\"@id\":\"https:\\\/\\\/www.saminter.com\\\/ca\\\/experiencia\\\/projecte-enelcurro\\\/#primaryimage\"},\"image\":{\"@id\":\"https:\\\/\\\/www.saminter.com\\\/ca\\\/experiencia\\\/projecte-enelcurro\\\/#primaryimage\"},\"thumbnailUrl\":\"https:\\\/\\\/www.saminter.com\\\/wp-content\\\/uploads\\\/2022\\\/12\\\/enelcurro.jpg\",\"datePublished\":\"2022-12-12T15:38:08+00:00\",\"dateModified\":\"2023-01-26T11:51:16+00:00\",\"breadcrumb\":{\"@id\":\"https:\\\/\\\/www.saminter.com\\\/ca\\\/experiencia\\\/projecte-enelcurro\\\/#breadcrumb\"},\"inLanguage\":\"ca\",\"potentialAction\":[{\"@type\":\"ReadAction\",\"target\":[\"https:\\\/\\\/www.saminter.com\\\/ca\\\/experiencia\\\/projecte-enelcurro\\\/\"]}]},{\"@type\":\"ImageObject\",\"inLanguage\":\"ca\",\"@id\":\"https:\\\/\\\/www.saminter.com\\\/ca\\\/experiencia\\\/projecte-enelcurro\\\/#primaryimage\",\"url\":\"https:\\\/\\\/www.saminter.com\\\/wp-content\\\/uploads\\\/2022\\\/12\\\/enelcurro.jpg\",\"contentUrl\":\"https:\\\/\\\/www.saminter.com\\\/wp-content\\\/uploads\\\/2022\\\/12\\\/enelcurro.jpg\"},{\"@type\":\"BreadcrumbList\",\"@id\":\"https:\\\/\\\/www.saminter.com\\\/ca\\\/experiencia\\\/projecte-enelcurro\\\/#breadcrumb\",\"itemListElement\":[{\"@type\":\"ListItem\",\"position\":1,\"name\":\"Portada\",\"item\":\"https:\\\/\\\/www.saminter.com\\\/ca\\\/\"},{\"@type\":\"ListItem\",\"position\":2,\"name\":\"Experi\u00e8ncia\",\"item\":\"https:\\\/\\\/www.saminter.com\\\/ca\\\/experiencia\\\/\"},{\"@type\":\"ListItem\",\"position\":3,\"name\":\"projecte Enelcurro\"}]},{\"@type\":\"WebSite\",\"@id\":\"https:\\\/\\\/www.saminter.com\\\/ca\\\/#website\",\"url\":\"https:\\\/\\\/www.saminter.com\\\/ca\\\/\",\"name\":\"Sam\u00ednter\",\"description\":\"\",\"publisher\":{\"@id\":\"https:\\\/\\\/www.saminter.com\\\/ca\\\/#organization\"},\"potentialAction\":[{\"@type\":\"SearchAction\",\"target\":{\"@type\":\"EntryPoint\",\"urlTemplate\":\"https:\\\/\\\/www.saminter.com\\\/ca\\\/?s={search_term_string}\"},\"query-input\":{\"@type\":\"PropertyValueSpecification\",\"valueRequired\":true,\"valueName\":\"search_term_string\"}}],\"inLanguage\":\"ca\"},{\"@type\":\"Organization\",\"@id\":\"https:\\\/\\\/www.saminter.com\\\/ca\\\/#organization\",\"name\":\"Sam\u00ednter\",\"url\":\"https:\\\/\\\/www.saminter.com\\\/ca\\\/\",\"logo\":{\"@type\":\"ImageObject\",\"inLanguage\":\"ca\",\"@id\":\"https:\\\/\\\/www.saminter.com\\\/ca\\\/#\\\/schema\\\/logo\\\/image\\\/\",\"url\":\"https:\\\/\\\/www.saminter.com\\\/wp-content\\\/uploads\\\/2023\\\/02\\\/nou_logo.png\",\"contentUrl\":\"https:\\\/\\\/www.saminter.com\\\/wp-content\\\/uploads\\\/2023\\\/02\\\/nou_logo.png\",\"width\":530,\"height\":130,\"caption\":\"Sam\u00ednter\"},\"image\":{\"@id\":\"https:\\\/\\\/www.saminter.com\\\/ca\\\/#\\\/schema\\\/logo\\\/image\\\/\"}}]}<\/script>\n<!-- \/ Yoast SEO plugin. -->","yoast_head_json":{"title":"projecte Enelcurro - Sam\u00ednter","robots":{"index":"noindex","follow":"follow"},"og_locale":"ca_ES","og_type":"article","og_title":"projecte Enelcurro - Sam\u00ednter","og_description":"EXPERI\u00c8NCIA Projectes Sam\u00ednter En el curro Client: En el curro. Tipus: Portal web &#8211; Forum. Descripci\u00f3: Portal dissenyat i programat a mida amb opinions i valoracions d&#8217;usuaris, estad\u00edstiques completes, llocs de treball, not\u00edcies i tot all\u00f2 relacionat amb les empreses i recursos humans. Tecnologies: HTML5, CSS3, Javascript, JQuery, PHP, MySQL \u2026 URL: www.enelcurro.com","og_url":"https:\/\/www.saminter.com\/ca\/experiencia\/projecte-enelcurro\/","og_site_name":"Sam\u00ednter","article_modified_time":"2023-01-26T11:51:16+00:00","og_image":[{"url":"https:\/\/www.saminter.com\/wp-content\/uploads\/2022\/12\/enelcurro.jpg","type":"","width":"","height":""}],"twitter_card":"summary_large_image","schema":{"@context":"https:\/\/schema.org","@graph":[{"@type":"WebPage","@id":"https:\/\/www.saminter.com\/ca\/experiencia\/projecte-enelcurro\/","url":"https:\/\/www.saminter.com\/ca\/experiencia\/projecte-enelcurro\/","name":"projecte Enelcurro - Sam\u00ednter","isPartOf":{"@id":"https:\/\/www.saminter.com\/ca\/#website"},"primaryImageOfPage":{"@id":"https:\/\/www.saminter.com\/ca\/experiencia\/projecte-enelcurro\/#primaryimage"},"image":{"@id":"https:\/\/www.saminter.com\/ca\/experiencia\/projecte-enelcurro\/#primaryimage"},"thumbnailUrl":"https:\/\/www.saminter.com\/wp-content\/uploads\/2022\/12\/enelcurro.jpg","datePublished":"2022-12-12T15:38:08+00:00","dateModified":"2023-01-26T11:51:16+00:00","breadcrumb":{"@id":"https:\/\/www.saminter.com\/ca\/experiencia\/projecte-enelcurro\/#breadcrumb"},"inLanguage":"ca","potentialAction":[{"@type":"ReadAction","target":["https:\/\/www.saminter.com\/ca\/experiencia\/projecte-enelcurro\/"]}]},{"@type":"ImageObject","inLanguage":"ca","@id":"https:\/\/www.saminter.com\/ca\/experiencia\/projecte-enelcurro\/#primaryimage","url":"https:\/\/www.saminter.com\/wp-content\/uploads\/2022\/12\/enelcurro.jpg","contentUrl":"https:\/\/www.saminter.com\/wp-content\/uploads\/2022\/12\/enelcurro.jpg"},{"@type":"BreadcrumbList","@id":"https:\/\/www.saminter.com\/ca\/experiencia\/projecte-enelcurro\/#breadcrumb","itemListElement":[{"@type":"ListItem","position":1,"name":"Portada","item":"https:\/\/www.saminter.com\/ca\/"},{"@type":"ListItem","position":2,"name":"Experi\u00e8ncia","item":"https:\/\/www.saminter.com\/ca\/experiencia\/"},{"@type":"ListItem","position":3,"name":"projecte Enelcurro"}]},{"@type":"WebSite","@id":"https:\/\/www.saminter.com\/ca\/#website","url":"https:\/\/www.saminter.com\/ca\/","name":"Sam\u00ednter","description":"","publisher":{"@id":"https:\/\/www.saminter.com\/ca\/#organization"},"potentialAction":[{"@type":"SearchAction","target":{"@type":"EntryPoint","urlTemplate":"https:\/\/www.saminter.com\/ca\/?s={search_term_string}"},"query-input":{"@type":"PropertyValueSpecification","valueRequired":true,"valueName":"search_term_string"}}],"inLanguage":"ca"},{"@type":"Organization","@id":"https:\/\/www.saminter.com\/ca\/#organization","name":"Sam\u00ednter","url":"https:\/\/www.saminter.com\/ca\/","logo":{"@type":"ImageObject","inLanguage":"ca","@id":"https:\/\/www.saminter.com\/ca\/#\/schema\/logo\/image\/","url":"https:\/\/www.saminter.com\/wp-content\/uploads\/2023\/02\/nou_logo.png","contentUrl":"https:\/\/www.saminter.com\/wp-content\/uploads\/2023\/02\/nou_logo.png","width":530,"height":130,"caption":"Sam\u00ednter"},"image":{"@id":"https:\/\/www.saminter.com\/ca\/#\/schema\/logo\/image\/"}}]}},"uagb_featured_image_src":{"full":false,"thumbnail":false,"medium":false,"medium_large":false,"large":false,"1536x1536":false,"2048x2048":false},"uagb_author_info":{"display_name":"UsSam","author_link":"https:\/\/www.saminter.com\/ca\/author\/ussam\/"},"uagb_comment_info":0,"uagb_excerpt":"EXPERI\u00c8NCIA Projectes Sam\u00ednter En el curro Client: En el curro. Tipus: Portal web &#8211; Forum. Descripci\u00f3: Portal dissenyat i programat a mida amb opinions i valoracions d&#8217;usuaris, estad\u00edstiques completes, llocs de treball, not\u00edcies i tot all\u00f2 relacionat amb les empreses i recursos humans. Tecnologies: HTML5, CSS3, Javascript, JQuery, PHP, MySQL \u2026 URL: www.enelcurro.com","_links":{"self":[{"href":"https:\/\/www.saminter.com\/ca\/wp-json\/wp\/v2\/pages\/3121","targetHints":{"allow":["GET"]}}],"collection":[{"href":"https:\/\/www.saminter.com\/ca\/wp-json\/wp\/v2\/pages"}],"about":[{"href":"https:\/\/www.saminter.com\/ca\/wp-json\/wp\/v2\/types\/page"}],"author":[{"embeddable":true,"href":"https:\/\/www.saminter.com\/ca\/wp-json\/wp\/v2\/users\/1"}],"replies":[{"embeddable":true,"href":"https:\/\/www.saminter.com\/ca\/wp-json\/wp\/v2\/comments?post=3121"}],"version-history":[{"count":1,"href":"https:\/\/www.saminter.com\/ca\/wp-json\/wp\/v2\/pages\/3121\/revisions"}],"predecessor-version":[{"id":3122,"href":"https:\/\/www.saminter.com\/ca\/wp-json\/wp\/v2\/pages\/3121\/revisions\/3122"}],"up":[{"embeddable":true,"href":"https:\/\/www.saminter.com\/ca\/wp-json\/wp\/v2\/pages\/3480"}],"wp:attachment":[{"href":"https:\/\/www.saminter.com\/ca\/wp-json\/wp\/v2\/media?parent=3121"}],"curies":[{"name":"wp","href":"https:\/\/api.w.org\/{rel}","templated":true}]}}