{"id":3125,"date":"2022-12-12T15:21:04","date_gmt":"2022-12-12T15:21:04","guid":{"rendered":"https:\/\/www.saminter.com\/experiencia\/projecte-espai-salut\/"},"modified":"2023-01-26T11:52:16","modified_gmt":"2023-01-26T11:52:16","slug":"projecte-espai-salut","status":"publish","type":"page","link":"https:\/\/www.saminter.com\/ca\/experiencia\/projecte-espai-salut\/","title":{"rendered":"projecte Espai Salut"},"content":{"rendered":"\n<div class=\"wp-block-uagb-container uagb-block-5e67c34a alignfull uagb-is-root-container\"><div class=\"uagb-container-inner-blocks-wrap\">\n<div class=\"wp-block-uagb-advanced-heading uagb-block-f190152e\"><h1 class=\"uagb-heading-text\">EXPERI\u00c8NCIA<\/h1><\/div>\n<\/div><\/div>\n\n<div class=\"wp-block-uagb-container uagb-block-d4cb7d94 alignfull uagb-is-root-container\"><div class=\"uagb-container-inner-blocks-wrap\">\n<div class=\"wp-block-uagb-advanced-heading uagb-block-c9f999e9\"><h3 class=\"uagb-heading-text\">Projectes Sam\u00ednter<\/h3><\/div>\n\n\n\n<div class=\"wp-block-uagb-advanced-heading uagb-block-7870352c\"><h2 class=\"uagb-heading-text\">Espai Salut Poblenou<\/h2><\/div>\n<\/div><\/div>\n\n<div class=\"wp-block-uagb-container uagb-block-bfc914b8 alignfull uagb-is-root-container\"><div class=\"uagb-container-inner-blocks-wrap\">\n<div class=\"wp-block-uagb-container detalle_proyecto_col_izq uagb-block-500afd4d\">\n<figure class=\"wp-block-image size-full\"><img loading=\"lazy\" decoding=\"async\" width=\"900\" height=\"2367\" src=\"https:\/\/www.saminter.com\/wp-content\/uploads\/2022\/12\/espai-salut-poblenou.jpg\" alt=\"\" class=\"wp-image-2705\" srcset=\"https:\/\/www.saminter.com\/wp-content\/uploads\/2022\/12\/espai-salut-poblenou.jpg 900w, https:\/\/www.saminter.com\/wp-content\/uploads\/2022\/12\/espai-salut-poblenou-114x300.jpg 114w, https:\/\/www.saminter.com\/wp-content\/uploads\/2022\/12\/espai-salut-poblenou-389x1024.jpg 389w, https:\/\/www.saminter.com\/wp-content\/uploads\/2022\/12\/espai-salut-poblenou-768x2020.jpg 768w, https:\/\/www.saminter.com\/wp-content\/uploads\/2022\/12\/espai-salut-poblenou-584x1536.jpg 584w, https:\/\/www.saminter.com\/wp-content\/uploads\/2022\/12\/espai-salut-poblenou-779x2048.jpg 779w\" sizes=\"auto, (max-width: 900px) 100vw, 900px\" \/><\/figure>\n<\/div>\n\n\n\n<div class=\"wp-block-uagb-container detalle_proyecto_col_der uagb-block-79036505\">\n<div class=\"wp-block-uagb-advanced-heading uagb-block-80deca29\"><h3 class=\"uagb-heading-text\">Client:<\/h3><\/div>\n\n\n\n<p>Espai Salut Poblenou<\/p>\n\n\n\n<div class=\"wp-block-uagb-advanced-heading uagb-block-9701e62f\"><h3 class=\"uagb-heading-text\">Tipus:<\/h3><\/div>\n\n\n\n<p>P\u00e0gina web<\/p>\n\n\n\n<div class=\"wp-block-uagb-advanced-heading uagb-block-41ebe208\"><h3 class=\"uagb-heading-text\"><strong>Descripci\u00f3<\/strong>:<\/h3><\/div>\n\n\n\n<p>Desenvolupament del lloc web d&#8217;Espai Salut Poblenou, centre de salut de Barcelona. Inclou sistema responsive i la darrera tecnologia a web. Treball de Sam\u00ednter per a Sara Mompart.<\/p>\n\n\n\n<div class=\"wp-block-uagb-advanced-heading uagb-block-e26e1def\"><h3 class=\"uagb-heading-text\"><strong>Tecnologies<\/strong>:<\/h3><\/div>\n\n\n\n<p>HTML5, CSS3, JavaScript, PHP, MySQL y wordpress<\/p>\n\n\n\n<div class=\"wp-block-uagb-advanced-heading uagb-block-2c0a8373\"><h3 class=\"uagb-heading-text\"><strong>URL<\/strong>:<\/h3><\/div>\n\n\n\n<p>www.fisio-poblenou.com<\/p>\n<\/div>\n<\/div><\/div>\n","protected":false},"excerpt":{"rendered":"<p>EXPERI\u00c8NCIA Projectes Sam\u00ednter Espai Salut Poblenou Client: Espai Salut Poblenou Tipus: P\u00e0gina web Descripci\u00f3: Desenvolupament del lloc web d&#8217;Espai Salut Poblenou, centre de salut de Barcelona. Inclou sistema responsive i la darrera tecnologia a web. Treball de Sam\u00ednter per a Sara Mompart. Tecnologies: HTML5, CSS3, JavaScript, PHP, MySQL y wordpress URL: www.fisio-poblenou.com<\/p>\n","protected":false},"author":1,"featured_media":0,"parent":3480,"menu_order":0,"comment_status":"closed","ping_status":"closed","template":"","meta":{"_uag_custom_page_level_css":"","site-sidebar-layout":"no-sidebar","site-content-layout":"plain-container","ast-site-content-layout":"default","site-content-style":"default","site-sidebar-style":"default","ast-global-header-display":"","ast-banner-title-visibility":"","ast-main-header-display":"","ast-hfb-above-header-display":"","ast-hfb-below-header-display":"","ast-hfb-mobile-header-display":"","site-post-title":"disabled","ast-breadcrumbs-content":"","ast-featured-img":"disabled","footer-sml-layout":"","ast-disable-related-posts":"","theme-transparent-header-meta":"enabled","adv-header-id-meta":"","stick-header-meta":"","header-above-stick-meta":"","header-main-stick-meta":"","header-below-stick-meta":"","astra-migrate-meta-layouts":"default","ast-page-background-enabled":"default","ast-page-background-meta":{"desktop":{"background-color":"var(--ast-global-color-4)","background-image":"","background-repeat":"repeat","background-position":"center center","background-size":"auto","background-attachment":"scroll","background-type":"","background-media":"","overlay-type":"","overlay-color":"","overlay-opacity":"","overlay-gradient":""},"tablet":{"background-color":"","background-image":"","background-repeat":"repeat","background-position":"center center","background-size":"auto","background-attachment":"scroll","background-type":"","background-media":"","overlay-type":"","overlay-color":"","overlay-opacity":"","overlay-gradient":""},"mobile":{"background-color":"","background-image":"","background-repeat":"repeat","background-position":"center center","background-size":"auto","background-attachment":"scroll","background-type":"","background-media":"","overlay-type":"","overlay-color":"","overlay-opacity":"","overlay-gradient":""}},"ast-content-background-meta":{"desktop":{"background-color":"var(--ast-global-color-5)","background-image":"","background-repeat":"repeat","background-position":"center center","background-size":"auto","background-attachment":"scroll","background-type":"","background-media":"","overlay-type":"","overlay-color":"","overlay-opacity":"","overlay-gradient":""},"tablet":{"background-color":"var(--ast-global-color-5)","background-image":"","background-repeat":"repeat","background-position":"center center","background-size":"auto","background-attachment":"scroll","background-type":"","background-media":"","overlay-type":"","overlay-color":"","overlay-opacity":"","overlay-gradient":""},"mobile":{"background-color":"var(--ast-global-color-5)","background-image":"","background-repeat":"repeat","background-position":"center center","background-size":"auto","background-attachment":"scroll","background-type":"","background-media":"","overlay-type":"","overlay-color":"","overlay-opacity":"","overlay-gradient":""}},"footnotes":""},"class_list":["post-3125","page","type-page","status-publish","hentry"],"yoast_head":"<!-- This site is optimized with the Yoast SEO plugin v27.5 - https:\/\/yoast.com\/product\/yoast-seo-wordpress\/ -->\n<title>projecte Espai Salut - Sam\u00ednter<\/title>\n<meta name=\"robots\" content=\"noindex, follow\" \/>\n<meta property=\"og:locale\" content=\"ca_ES\" \/>\n<meta property=\"og:type\" content=\"article\" \/>\n<meta property=\"og:title\" content=\"projecte Espai Salut - Sam\u00ednter\" \/>\n<meta property=\"og:description\" content=\"EXPERI\u00c8NCIA Projectes Sam\u00ednter Espai Salut Poblenou Client: Espai Salut Poblenou Tipus: P\u00e0gina web Descripci\u00f3: Desenvolupament del lloc web d&#8217;Espai Salut Poblenou, centre de salut de Barcelona. Inclou sistema responsive i la darrera tecnologia a web. Treball de Sam\u00ednter per a Sara Mompart. Tecnologies: HTML5, CSS3, JavaScript, PHP, MySQL y wordpress URL: www.fisio-poblenou.com\" \/>\n<meta property=\"og:url\" content=\"https:\/\/www.saminter.com\/ca\/experiencia\/projecte-espai-salut\/\" \/>\n<meta property=\"og:site_name\" content=\"Sam\u00ednter\" \/>\n<meta property=\"article:modified_time\" content=\"2023-01-26T11:52:16+00:00\" \/>\n<meta property=\"og:image\" content=\"https:\/\/www.saminter.com\/wp-content\/uploads\/2022\/12\/espai-salut-poblenou.jpg\" \/>\n<meta name=\"twitter:card\" content=\"summary_large_image\" \/>\n<script type=\"application\/ld+json\" class=\"yoast-schema-graph\">{\"@context\":\"https:\\\/\\\/schema.org\",\"@graph\":[{\"@type\":\"WebPage\",\"@id\":\"https:\\\/\\\/www.saminter.com\\\/ca\\\/experiencia\\\/projecte-espai-salut\\\/\",\"url\":\"https:\\\/\\\/www.saminter.com\\\/ca\\\/experiencia\\\/projecte-espai-salut\\\/\",\"name\":\"projecte Espai Salut - Sam\u00ednter\",\"isPartOf\":{\"@id\":\"https:\\\/\\\/www.saminter.com\\\/ca\\\/#website\"},\"primaryImageOfPage\":{\"@id\":\"https:\\\/\\\/www.saminter.com\\\/ca\\\/experiencia\\\/projecte-espai-salut\\\/#primaryimage\"},\"image\":{\"@id\":\"https:\\\/\\\/www.saminter.com\\\/ca\\\/experiencia\\\/projecte-espai-salut\\\/#primaryimage\"},\"thumbnailUrl\":\"https:\\\/\\\/www.saminter.com\\\/wp-content\\\/uploads\\\/2022\\\/12\\\/espai-salut-poblenou.jpg\",\"datePublished\":\"2022-12-12T15:21:04+00:00\",\"dateModified\":\"2023-01-26T11:52:16+00:00\",\"breadcrumb\":{\"@id\":\"https:\\\/\\\/www.saminter.com\\\/ca\\\/experiencia\\\/projecte-espai-salut\\\/#breadcrumb\"},\"inLanguage\":\"ca\",\"potentialAction\":[{\"@type\":\"ReadAction\",\"target\":[\"https:\\\/\\\/www.saminter.com\\\/ca\\\/experiencia\\\/projecte-espai-salut\\\/\"]}]},{\"@type\":\"ImageObject\",\"inLanguage\":\"ca\",\"@id\":\"https:\\\/\\\/www.saminter.com\\\/ca\\\/experiencia\\\/projecte-espai-salut\\\/#primaryimage\",\"url\":\"https:\\\/\\\/www.saminter.com\\\/wp-content\\\/uploads\\\/2022\\\/12\\\/espai-salut-poblenou.jpg\",\"contentUrl\":\"https:\\\/\\\/www.saminter.com\\\/wp-content\\\/uploads\\\/2022\\\/12\\\/espai-salut-poblenou.jpg\"},{\"@type\":\"BreadcrumbList\",\"@id\":\"https:\\\/\\\/www.saminter.com\\\/ca\\\/experiencia\\\/projecte-espai-salut\\\/#breadcrumb\",\"itemListElement\":[{\"@type\":\"ListItem\",\"position\":1,\"name\":\"Portada\",\"item\":\"https:\\\/\\\/www.saminter.com\\\/ca\\\/\"},{\"@type\":\"ListItem\",\"position\":2,\"name\":\"Experi\u00e8ncia\",\"item\":\"https:\\\/\\\/www.saminter.com\\\/ca\\\/experiencia\\\/\"},{\"@type\":\"ListItem\",\"position\":3,\"name\":\"projecte Espai Salut\"}]},{\"@type\":\"WebSite\",\"@id\":\"https:\\\/\\\/www.saminter.com\\\/ca\\\/#website\",\"url\":\"https:\\\/\\\/www.saminter.com\\\/ca\\\/\",\"name\":\"Sam\u00ednter\",\"description\":\"\",\"publisher\":{\"@id\":\"https:\\\/\\\/www.saminter.com\\\/ca\\\/#organization\"},\"potentialAction\":[{\"@type\":\"SearchAction\",\"target\":{\"@type\":\"EntryPoint\",\"urlTemplate\":\"https:\\\/\\\/www.saminter.com\\\/ca\\\/?s={search_term_string}\"},\"query-input\":{\"@type\":\"PropertyValueSpecification\",\"valueRequired\":true,\"valueName\":\"search_term_string\"}}],\"inLanguage\":\"ca\"},{\"@type\":\"Organization\",\"@id\":\"https:\\\/\\\/www.saminter.com\\\/ca\\\/#organization\",\"name\":\"Sam\u00ednter\",\"url\":\"https:\\\/\\\/www.saminter.com\\\/ca\\\/\",\"logo\":{\"@type\":\"ImageObject\",\"inLanguage\":\"ca\",\"@id\":\"https:\\\/\\\/www.saminter.com\\\/ca\\\/#\\\/schema\\\/logo\\\/image\\\/\",\"url\":\"https:\\\/\\\/www.saminter.com\\\/wp-content\\\/uploads\\\/2023\\\/02\\\/nou_logo.png\",\"contentUrl\":\"https:\\\/\\\/www.saminter.com\\\/wp-content\\\/uploads\\\/2023\\\/02\\\/nou_logo.png\",\"width\":530,\"height\":130,\"caption\":\"Sam\u00ednter\"},\"image\":{\"@id\":\"https:\\\/\\\/www.saminter.com\\\/ca\\\/#\\\/schema\\\/logo\\\/image\\\/\"}}]}<\/script>\n<!-- \/ Yoast SEO plugin. -->","yoast_head_json":{"title":"projecte Espai Salut - Sam\u00ednter","robots":{"index":"noindex","follow":"follow"},"og_locale":"ca_ES","og_type":"article","og_title":"projecte Espai Salut - Sam\u00ednter","og_description":"EXPERI\u00c8NCIA Projectes Sam\u00ednter Espai Salut Poblenou Client: Espai Salut Poblenou Tipus: P\u00e0gina web Descripci\u00f3: Desenvolupament del lloc web d&#8217;Espai Salut Poblenou, centre de salut de Barcelona. Inclou sistema responsive i la darrera tecnologia a web. Treball de Sam\u00ednter per a Sara Mompart. Tecnologies: HTML5, CSS3, JavaScript, PHP, MySQL y wordpress URL: www.fisio-poblenou.com","og_url":"https:\/\/www.saminter.com\/ca\/experiencia\/projecte-espai-salut\/","og_site_name":"Sam\u00ednter","article_modified_time":"2023-01-26T11:52:16+00:00","og_image":[{"url":"https:\/\/www.saminter.com\/wp-content\/uploads\/2022\/12\/espai-salut-poblenou.jpg","type":"","width":"","height":""}],"twitter_card":"summary_large_image","schema":{"@context":"https:\/\/schema.org","@graph":[{"@type":"WebPage","@id":"https:\/\/www.saminter.com\/ca\/experiencia\/projecte-espai-salut\/","url":"https:\/\/www.saminter.com\/ca\/experiencia\/projecte-espai-salut\/","name":"projecte Espai Salut - Sam\u00ednter","isPartOf":{"@id":"https:\/\/www.saminter.com\/ca\/#website"},"primaryImageOfPage":{"@id":"https:\/\/www.saminter.com\/ca\/experiencia\/projecte-espai-salut\/#primaryimage"},"image":{"@id":"https:\/\/www.saminter.com\/ca\/experiencia\/projecte-espai-salut\/#primaryimage"},"thumbnailUrl":"https:\/\/www.saminter.com\/wp-content\/uploads\/2022\/12\/espai-salut-poblenou.jpg","datePublished":"2022-12-12T15:21:04+00:00","dateModified":"2023-01-26T11:52:16+00:00","breadcrumb":{"@id":"https:\/\/www.saminter.com\/ca\/experiencia\/projecte-espai-salut\/#breadcrumb"},"inLanguage":"ca","potentialAction":[{"@type":"ReadAction","target":["https:\/\/www.saminter.com\/ca\/experiencia\/projecte-espai-salut\/"]}]},{"@type":"ImageObject","inLanguage":"ca","@id":"https:\/\/www.saminter.com\/ca\/experiencia\/projecte-espai-salut\/#primaryimage","url":"https:\/\/www.saminter.com\/wp-content\/uploads\/2022\/12\/espai-salut-poblenou.jpg","contentUrl":"https:\/\/www.saminter.com\/wp-content\/uploads\/2022\/12\/espai-salut-poblenou.jpg"},{"@type":"BreadcrumbList","@id":"https:\/\/www.saminter.com\/ca\/experiencia\/projecte-espai-salut\/#breadcrumb","itemListElement":[{"@type":"ListItem","position":1,"name":"Portada","item":"https:\/\/www.saminter.com\/ca\/"},{"@type":"ListItem","position":2,"name":"Experi\u00e8ncia","item":"https:\/\/www.saminter.com\/ca\/experiencia\/"},{"@type":"ListItem","position":3,"name":"projecte Espai Salut"}]},{"@type":"WebSite","@id":"https:\/\/www.saminter.com\/ca\/#website","url":"https:\/\/www.saminter.com\/ca\/","name":"Sam\u00ednter","description":"","publisher":{"@id":"https:\/\/www.saminter.com\/ca\/#organization"},"potentialAction":[{"@type":"SearchAction","target":{"@type":"EntryPoint","urlTemplate":"https:\/\/www.saminter.com\/ca\/?s={search_term_string}"},"query-input":{"@type":"PropertyValueSpecification","valueRequired":true,"valueName":"search_term_string"}}],"inLanguage":"ca"},{"@type":"Organization","@id":"https:\/\/www.saminter.com\/ca\/#organization","name":"Sam\u00ednter","url":"https:\/\/www.saminter.com\/ca\/","logo":{"@type":"ImageObject","inLanguage":"ca","@id":"https:\/\/www.saminter.com\/ca\/#\/schema\/logo\/image\/","url":"https:\/\/www.saminter.com\/wp-content\/uploads\/2023\/02\/nou_logo.png","contentUrl":"https:\/\/www.saminter.com\/wp-content\/uploads\/2023\/02\/nou_logo.png","width":530,"height":130,"caption":"Sam\u00ednter"},"image":{"@id":"https:\/\/www.saminter.com\/ca\/#\/schema\/logo\/image\/"}}]}},"uagb_featured_image_src":{"full":false,"thumbnail":false,"medium":false,"medium_large":false,"large":false,"1536x1536":false,"2048x2048":false},"uagb_author_info":{"display_name":"UsSam","author_link":"https:\/\/www.saminter.com\/ca\/author\/ussam\/"},"uagb_comment_info":0,"uagb_excerpt":"EXPERI\u00c8NCIA Projectes Sam\u00ednter Espai Salut Poblenou Client: Espai Salut Poblenou Tipus: P\u00e0gina web Descripci\u00f3: Desenvolupament del lloc web d&#8217;Espai Salut Poblenou, centre de salut de Barcelona. Inclou sistema responsive i la darrera tecnologia a web. Treball de Sam\u00ednter per a Sara Mompart. Tecnologies: HTML5, CSS3, JavaScript, PHP, MySQL y wordpress URL: www.fisio-poblenou.com","_links":{"self":[{"href":"https:\/\/www.saminter.com\/ca\/wp-json\/wp\/v2\/pages\/3125","targetHints":{"allow":["GET"]}}],"collection":[{"href":"https:\/\/www.saminter.com\/ca\/wp-json\/wp\/v2\/pages"}],"about":[{"href":"https:\/\/www.saminter.com\/ca\/wp-json\/wp\/v2\/types\/page"}],"author":[{"embeddable":true,"href":"https:\/\/www.saminter.com\/ca\/wp-json\/wp\/v2\/users\/1"}],"replies":[{"embeddable":true,"href":"https:\/\/www.saminter.com\/ca\/wp-json\/wp\/v2\/comments?post=3125"}],"version-history":[{"count":1,"href":"https:\/\/www.saminter.com\/ca\/wp-json\/wp\/v2\/pages\/3125\/revisions"}],"predecessor-version":[{"id":3126,"href":"https:\/\/www.saminter.com\/ca\/wp-json\/wp\/v2\/pages\/3125\/revisions\/3126"}],"up":[{"embeddable":true,"href":"https:\/\/www.saminter.com\/ca\/wp-json\/wp\/v2\/pages\/3480"}],"wp:attachment":[{"href":"https:\/\/www.saminter.com\/ca\/wp-json\/wp\/v2\/media?parent=3125"}],"curies":[{"name":"wp","href":"https:\/\/api.w.org\/{rel}","templated":true}]}}