{"id":3261,"date":"2022-12-07T11:51:58","date_gmt":"2022-12-07T11:51:58","guid":{"rendered":"https:\/\/www.saminter.com\/politica-de-cookies\/"},"modified":"2023-02-03T17:34:42","modified_gmt":"2023-02-03T17:34:42","slug":"politica-de-cookies","status":"publish","type":"page","link":"https:\/\/www.saminter.com\/ca\/politica-de-cookies\/","title":{"rendered":"Pol\u00edtica de cookies"},"content":{"rendered":"\n<div class=\"wp-block-uagb-container uagb-block-92269df1 alignfull uagb-is-root-container\"><div class=\"uagb-container-inner-blocks-wrap\">\n<div class=\"wp-block-uagb-advanced-heading uagb-block-6b0244f2\"><h1 class=\"uagb-heading-text\">Pol\u00edtica de cookies<\/h1><\/div>\n<\/div><\/div>\n\n<div class=\"wp-block-uagb-container uagb-block-8127ea88 alignfull uagb-is-root-container\"><div class=\"uagb-container-inner-blocks-wrap\">\n<div class=\"wp-block-uagb-advanced-heading uagb-block-3e08a1d2\"><h3 class=\"uagb-heading-text\">Textos legals<\/h3><\/div>\n\n\n\n<div class=\"wp-block-uagb-advanced-heading uagb-block-0c1def1b\"><h2 class=\"uagb-heading-text\">Pol\u00edtica de Cookies<\/h2><\/div>\n<\/div><\/div>\n\n<div class=\"wp-block-uagb-container uagb-block-6b9ad77e alignfull uagb-is-root-container\"><div class=\"uagb-container-inner-blocks-wrap\">\n<h3>Qu\u00e8 s\u00f3n les cookies?<\/h3>\n<p>Aquest lloc web utilitza cookies i\/o tecnologies similars que emmagatzemen i recuperen informaci\u00f3 quan navega. En general, aquestes tecnologies poden servir per a finalitats molt diverses, com ara recon\u00e8ixe&#8217;l com a usuari, obtenir informaci\u00f3 sobre els seus h\u00e0bits de navegaci\u00f3, o personalitzar la manera com es mostra el contingut. Els usos concrets que fem daquestes tecnologies es descriuen a continuaci\u00f3.<\/p>\n<h3>Per qu\u00e8 utilitza les cookies aquesta p\u00e0gina web?<\/h3>\n<p>Aquesta p\u00e0gina web utilitza les cookies per a una s\u00e8rie de finalitats, incloses:<\/p>\n<ul>\n<li>T\u00e8cniques: faciliten la navegaci\u00f3 pel lloc web i guarden les seves prefer\u00e8ncies d&#8217;ajustament de galetes perqu\u00e8 no h\u00e0gim de preguntar cada vegada que ens visita.<\/li>\n<li>D&#8217;an\u00e0lisi: s\u00f3n aquelles que, tractades per nosaltres o per tercers, ens permeten quantificar el nombre d&#8217;usuaris i aix\u00ed fer el mesurament i l&#8217;an\u00e0lisi estad\u00edstic de la utilitzaci\u00f3 que fan els usuaris del servei ofert. Per aix\u00f2 s&#8217;analitza la vostra navegaci\u00f3 a la nostra p\u00e0gina web per tal de millorar l&#8217;oferta de productes o serveis que us oferim.<\/li>\n<li>Publicit\u00e0ries comportamentals: s\u00f3n aquelles que, tractades per nosaltres o per tercers, permeten analitzar els seus h\u00e0bits de navegaci\u00f3 a Internet per mostrar publicitat relacionada amb el seu perfil de navegaci\u00f3.<\/li>\n<\/ul>\n<h3>Qui utilitza les cookies en aquesta p\u00e0gina web?<\/h3>\n<p>La identificaci\u00f3 de qui utilitza les cookies, el tipus de cookies utilitzades i altres detalls, s&#8217;indica a continuaci\u00f3:<\/p>\n<p><strong>Entitat:<\/strong> Google Analytics<br><strong>Tipus<\/strong>: De tercers<br><strong>Prop\u00f2sit<\/strong>: Recollir informaci\u00f3 sobre la navegaci\u00f3 dels usuaris pel lloc web per con\u00e8ixer l&#8217;origen de les visites i altres dades similars a nivell estad\u00edstic.&nbsp;<br><strong>M\u00e9s informaci\u00f3<\/strong>: Google Analytics utilitza tamb\u00e9 aquestes galetes per mostrar publicitat relacionada amb el vostre perfil de navegaci\u00f3.<\/p>\n<p>Nota: Les galetes de tipus \u201cPropies\u201d s\u00f3n utilitzades nom\u00e9s pel propietari d&#8217;aquest web i les galetes \u201cDe tercers\u201d s\u00f3n utilitzades, tamb\u00e9, pel prestador del servei que est\u00e0 detallat a la taula anterior.<\/p>\n<p>Podeu informar-vos de les transfer\u00e8ncies a tercers pa\u00efsos que, si escau, realitzen els tercers identificats en aquesta pol\u00edtica de cookies en les seves pol\u00edtiques corresponents (veure els enlla\u00e7os facilitats a l&#8217;apartat \u201cM\u00e9s informaci\u00f3\u201d de la taula anterior).<\/p>\n<h3>Com puc desactivar o eliminar aquestes cookies?<\/h3>\n<p>Podeu permetre o bloquejar les cookies, aix\u00ed com esborrar les vostres dades de navegaci\u00f3 (incloses les cookies) des del navegador que vost\u00e8 utilitza. Consulteu les opcions i instruccions que ofereix el vostre navegador. Tingueu en compte que, si accepteu les galetes de tercers, haureu d&#8217;eliminar-les des de les opcions del navegador.<\/p>\n<p>A continuaci\u00f3, teniu disponibles els enlla\u00e7os amb la informaci\u00f3 per gestionar les cookies dels navegadors m\u00e9s utilitzats:<\/p>\n<p><strong>Firefox:<\/strong><br>http:\/\/support.mozilla.org\/es\/kb\/habilitar-y-deshabilitar-cookies-que-los-sitios-web<br><strong>Chrome:<\/strong><br>http:\/\/support.google.com\/chrome\/bin\/answer.py?hl=es&amp;answer=95647<br><strong>Internet Explorer:<\/strong><br>https:\/\/support.microsoft.com\/es-es\/help\/278835\/how-to-delete-cookie-files-in-internet-explorer<br><strong>Microsoft Edge:<\/strong><br>https:\/\/support.microsoft.com\/es-es\/help\/4027947\/microsoft-edge-delete-cookies<br><strong>Safari:<\/strong><br>http:\/\/support.apple.com\/kb\/ph5042<br><strong>Opera:<\/strong><br>http:\/\/help.opera.com\/Windows\/11.50\/es-ES\/cookies.html<\/p>\n<p>Altres navegadors: consulteu la documentaci\u00f3 del navegador que tingueu instal\u00b7lat.<\/p>\n<h3>Complement d&#8217;inhabilitaci\u00f3 per a navegadors de Google Analytics<\/h3>\n<p>Si voleu rebutjar les galetes anal\u00edtiques de Google Analytics a tots els navegadors, de manera que no s&#8217;envi\u00ef informaci\u00f3 vostra a Google Analytics, podeu descarregar un complement que realitza aquesta funci\u00f3 des d&#8217;aquest enlla\u00e7: https:\/\/tools.google.com\/dlpage\/gaoptout.<\/p>\n<h3>Exercici de drets<\/h3>\n<p>Podeu con\u00e8ixer i exercir els vostres drets en mat\u00e8ria de protecci\u00f3 de dades accedint a la nostra Pol\u00edtica de Privadesa.<\/p>\n<p>Gestionar\/Mostrar barra de consentiment de les galetes.<\/p>\n<\/div><\/div>\n","protected":false},"excerpt":{"rendered":"<p>Pol\u00edtica de cookies Textos legals Pol\u00edtica de Cookies Qu\u00e8 s\u00f3n les cookies? Aquest lloc web utilitza cookies i\/o tecnologies similars que emmagatzemen i recuperen informaci\u00f3 quan navega. En general, aquestes tecnologies poden servir per a finalitats molt diverses, com ara recon\u00e8ixe&#8217;l com a usuari, obtenir informaci\u00f3 sobre els seus h\u00e0bits de navegaci\u00f3, o personalitzar la [&hellip;]<\/p>\n","protected":false},"author":1,"featured_media":0,"parent":0,"menu_order":0,"comment_status":"closed","ping_status":"closed","template":"","meta":{"_uag_custom_page_level_css":"","site-sidebar-layout":"no-sidebar","site-content-layout":"plain-container","ast-site-content-layout":"default","site-content-style":"default","site-sidebar-style":"default","ast-global-header-display":"","ast-banner-title-visibility":"","ast-main-header-display":"","ast-hfb-above-header-display":"","ast-hfb-below-header-display":"","ast-hfb-mobile-header-display":"","site-post-title":"disabled","ast-breadcrumbs-content":"","ast-featured-img":"disabled","footer-sml-layout":"","ast-disable-related-posts":"","theme-transparent-header-meta":"enabled","adv-header-id-meta":"","stick-header-meta":"","header-above-stick-meta":"","header-main-stick-meta":"","header-below-stick-meta":"","astra-migrate-meta-layouts":"default","ast-page-background-enabled":"default","ast-page-background-meta":{"desktop":{"background-color":"var(--ast-global-color-4)","background-image":"","background-repeat":"repeat","background-position":"center center","background-size":"auto","background-attachment":"scroll","background-type":"","background-media":"","overlay-type":"","overlay-color":"","overlay-opacity":"","overlay-gradient":""},"tablet":{"background-color":"","background-image":"","background-repeat":"repeat","background-position":"center center","background-size":"auto","background-attachment":"scroll","background-type":"","background-media":"","overlay-type":"","overlay-color":"","overlay-opacity":"","overlay-gradient":""},"mobile":{"background-color":"","background-image":"","background-repeat":"repeat","background-position":"center center","background-size":"auto","background-attachment":"scroll","background-type":"","background-media":"","overlay-type":"","overlay-color":"","overlay-opacity":"","overlay-gradient":""}},"ast-content-background-meta":{"desktop":{"background-color":"var(--ast-global-color-5)","background-image":"","background-repeat":"repeat","background-position":"center center","background-size":"auto","background-attachment":"scroll","background-type":"","background-media":"","overlay-type":"","overlay-color":"","overlay-opacity":"","overlay-gradient":""},"tablet":{"background-color":"var(--ast-global-color-5)","background-image":"","background-repeat":"repeat","background-position":"center center","background-size":"auto","background-attachment":"scroll","background-type":"","background-media":"","overlay-type":"","overlay-color":"","overlay-opacity":"","overlay-gradient":""},"mobile":{"background-color":"var(--ast-global-color-5)","background-image":"","background-repeat":"repeat","background-position":"center center","background-size":"auto","background-attachment":"scroll","background-type":"","background-media":"","overlay-type":"","overlay-color":"","overlay-opacity":"","overlay-gradient":""}},"footnotes":""},"class_list":["post-3261","page","type-page","status-publish","hentry"],"yoast_head":"<!-- This site is optimized with the Yoast SEO plugin v27.0 - https:\/\/yoast.com\/product\/yoast-seo-wordpress\/ -->\n<title>Pol\u00edtica de cookies - Sam\u00ednter<\/title>\n<meta name=\"robots\" content=\"noindex, follow\" \/>\n<meta property=\"og:locale\" content=\"ca_ES\" \/>\n<meta property=\"og:type\" content=\"article\" \/>\n<meta property=\"og:title\" content=\"Pol\u00edtica de cookies - Sam\u00ednter\" \/>\n<meta property=\"og:description\" content=\"Pol\u00edtica de cookies Textos legals Pol\u00edtica de Cookies Qu\u00e8 s\u00f3n les cookies? Aquest lloc web utilitza cookies i\/o tecnologies similars que emmagatzemen i recuperen informaci\u00f3 quan navega. En general, aquestes tecnologies poden servir per a finalitats molt diverses, com ara recon\u00e8ixe&#8217;l com a usuari, obtenir informaci\u00f3 sobre els seus h\u00e0bits de navegaci\u00f3, o personalitzar la [&hellip;]\" \/>\n<meta property=\"og:url\" content=\"https:\/\/www.saminter.com\/ca\/politica-de-cookies\/\" \/>\n<meta property=\"og:site_name\" content=\"Sam\u00ednter\" \/>\n<meta property=\"article:modified_time\" content=\"2023-02-03T17:34:42+00:00\" \/>\n<meta name=\"twitter:card\" content=\"summary_large_image\" \/>\n<meta name=\"twitter:label1\" content=\"Temps estimat de lectura\" \/>\n\t<meta name=\"twitter:data1\" content=\"3 minuts\" \/>\n<script type=\"application\/ld+json\" class=\"yoast-schema-graph\">{\"@context\":\"https:\/\/schema.org\",\"@graph\":[{\"@type\":\"WebPage\",\"@id\":\"https:\/\/www.saminter.com\/ca\/politica-de-cookies\/\",\"url\":\"https:\/\/www.saminter.com\/ca\/politica-de-cookies\/\",\"name\":\"Pol\u00edtica de cookies - Sam\u00ednter\",\"isPartOf\":{\"@id\":\"https:\/\/www.saminter.com\/ca\/#website\"},\"datePublished\":\"2022-12-07T11:51:58+00:00\",\"dateModified\":\"2023-02-03T17:34:42+00:00\",\"breadcrumb\":{\"@id\":\"https:\/\/www.saminter.com\/ca\/politica-de-cookies\/#breadcrumb\"},\"inLanguage\":\"ca\",\"potentialAction\":[{\"@type\":\"ReadAction\",\"target\":[\"https:\/\/www.saminter.com\/ca\/politica-de-cookies\/\"]}]},{\"@type\":\"BreadcrumbList\",\"@id\":\"https:\/\/www.saminter.com\/ca\/politica-de-cookies\/#breadcrumb\",\"itemListElement\":[{\"@type\":\"ListItem\",\"position\":1,\"name\":\"Portada\",\"item\":\"https:\/\/www.saminter.com\/ca\/\"},{\"@type\":\"ListItem\",\"position\":2,\"name\":\"Pol\u00edtica de cookies\"}]},{\"@type\":\"WebSite\",\"@id\":\"https:\/\/www.saminter.com\/ca\/#website\",\"url\":\"https:\/\/www.saminter.com\/ca\/\",\"name\":\"Sam\u00ednter\",\"description\":\"\",\"publisher\":{\"@id\":\"https:\/\/www.saminter.com\/ca\/#organization\"},\"potentialAction\":[{\"@type\":\"SearchAction\",\"target\":{\"@type\":\"EntryPoint\",\"urlTemplate\":\"https:\/\/www.saminter.com\/ca\/?s={search_term_string}\"},\"query-input\":{\"@type\":\"PropertyValueSpecification\",\"valueRequired\":true,\"valueName\":\"search_term_string\"}}],\"inLanguage\":\"ca\"},{\"@type\":\"Organization\",\"@id\":\"https:\/\/www.saminter.com\/ca\/#organization\",\"name\":\"Sam\u00ednter\",\"url\":\"https:\/\/www.saminter.com\/ca\/\",\"logo\":{\"@type\":\"ImageObject\",\"inLanguage\":\"ca\",\"@id\":\"https:\/\/www.saminter.com\/ca\/#\/schema\/logo\/image\/\",\"url\":\"https:\/\/www.saminter.com\/wp-content\/uploads\/2023\/02\/nou_logo.png\",\"contentUrl\":\"https:\/\/www.saminter.com\/wp-content\/uploads\/2023\/02\/nou_logo.png\",\"width\":530,\"height\":130,\"caption\":\"Sam\u00ednter\"},\"image\":{\"@id\":\"https:\/\/www.saminter.com\/ca\/#\/schema\/logo\/image\/\"}}]}<\/script>\n<!-- \/ Yoast SEO plugin. -->","yoast_head_json":{"title":"Pol\u00edtica de cookies - Sam\u00ednter","robots":{"index":"noindex","follow":"follow"},"og_locale":"ca_ES","og_type":"article","og_title":"Pol\u00edtica de cookies - Sam\u00ednter","og_description":"Pol\u00edtica de cookies Textos legals Pol\u00edtica de Cookies Qu\u00e8 s\u00f3n les cookies? Aquest lloc web utilitza cookies i\/o tecnologies similars que emmagatzemen i recuperen informaci\u00f3 quan navega. En general, aquestes tecnologies poden servir per a finalitats molt diverses, com ara recon\u00e8ixe&#8217;l com a usuari, obtenir informaci\u00f3 sobre els seus h\u00e0bits de navegaci\u00f3, o personalitzar la [&hellip;]","og_url":"https:\/\/www.saminter.com\/ca\/politica-de-cookies\/","og_site_name":"Sam\u00ednter","article_modified_time":"2023-02-03T17:34:42+00:00","twitter_card":"summary_large_image","twitter_misc":{"Temps estimat de lectura":"3 minuts"},"schema":{"@context":"https:\/\/schema.org","@graph":[{"@type":"WebPage","@id":"https:\/\/www.saminter.com\/ca\/politica-de-cookies\/","url":"https:\/\/www.saminter.com\/ca\/politica-de-cookies\/","name":"Pol\u00edtica de cookies - Sam\u00ednter","isPartOf":{"@id":"https:\/\/www.saminter.com\/ca\/#website"},"datePublished":"2022-12-07T11:51:58+00:00","dateModified":"2023-02-03T17:34:42+00:00","breadcrumb":{"@id":"https:\/\/www.saminter.com\/ca\/politica-de-cookies\/#breadcrumb"},"inLanguage":"ca","potentialAction":[{"@type":"ReadAction","target":["https:\/\/www.saminter.com\/ca\/politica-de-cookies\/"]}]},{"@type":"BreadcrumbList","@id":"https:\/\/www.saminter.com\/ca\/politica-de-cookies\/#breadcrumb","itemListElement":[{"@type":"ListItem","position":1,"name":"Portada","item":"https:\/\/www.saminter.com\/ca\/"},{"@type":"ListItem","position":2,"name":"Pol\u00edtica de cookies"}]},{"@type":"WebSite","@id":"https:\/\/www.saminter.com\/ca\/#website","url":"https:\/\/www.saminter.com\/ca\/","name":"Sam\u00ednter","description":"","publisher":{"@id":"https:\/\/www.saminter.com\/ca\/#organization"},"potentialAction":[{"@type":"SearchAction","target":{"@type":"EntryPoint","urlTemplate":"https:\/\/www.saminter.com\/ca\/?s={search_term_string}"},"query-input":{"@type":"PropertyValueSpecification","valueRequired":true,"valueName":"search_term_string"}}],"inLanguage":"ca"},{"@type":"Organization","@id":"https:\/\/www.saminter.com\/ca\/#organization","name":"Sam\u00ednter","url":"https:\/\/www.saminter.com\/ca\/","logo":{"@type":"ImageObject","inLanguage":"ca","@id":"https:\/\/www.saminter.com\/ca\/#\/schema\/logo\/image\/","url":"https:\/\/www.saminter.com\/wp-content\/uploads\/2023\/02\/nou_logo.png","contentUrl":"https:\/\/www.saminter.com\/wp-content\/uploads\/2023\/02\/nou_logo.png","width":530,"height":130,"caption":"Sam\u00ednter"},"image":{"@id":"https:\/\/www.saminter.com\/ca\/#\/schema\/logo\/image\/"}}]}},"uagb_featured_image_src":{"full":false,"thumbnail":false,"medium":false,"medium_large":false,"large":false,"1536x1536":false,"2048x2048":false},"uagb_author_info":{"display_name":"UsSam","author_link":"https:\/\/www.saminter.com\/ca\/author\/ussam\/"},"uagb_comment_info":0,"uagb_excerpt":"Pol\u00edtica de cookies Textos legals Pol\u00edtica de Cookies Qu\u00e8 s\u00f3n les cookies? Aquest lloc web utilitza cookies i\/o tecnologies similars que emmagatzemen i recuperen informaci\u00f3 quan navega. En general, aquestes tecnologies poden servir per a finalitats molt diverses, com ara recon\u00e8ixe&#8217;l com a usuari, obtenir informaci\u00f3 sobre els seus h\u00e0bits de navegaci\u00f3, o personalitzar la&hellip;","_links":{"self":[{"href":"https:\/\/www.saminter.com\/ca\/wp-json\/wp\/v2\/pages\/3261","targetHints":{"allow":["GET"]}}],"collection":[{"href":"https:\/\/www.saminter.com\/ca\/wp-json\/wp\/v2\/pages"}],"about":[{"href":"https:\/\/www.saminter.com\/ca\/wp-json\/wp\/v2\/types\/page"}],"author":[{"embeddable":true,"href":"https:\/\/www.saminter.com\/ca\/wp-json\/wp\/v2\/users\/1"}],"replies":[{"embeddable":true,"href":"https:\/\/www.saminter.com\/ca\/wp-json\/wp\/v2\/comments?post=3261"}],"version-history":[{"count":3,"href":"https:\/\/www.saminter.com\/ca\/wp-json\/wp\/v2\/pages\/3261\/revisions"}],"predecessor-version":[{"id":3395,"href":"https:\/\/www.saminter.com\/ca\/wp-json\/wp\/v2\/pages\/3261\/revisions\/3395"}],"wp:attachment":[{"href":"https:\/\/www.saminter.com\/ca\/wp-json\/wp\/v2\/media?parent=3261"}],"curies":[{"name":"wp","href":"https:\/\/api.w.org\/{rel}","templated":true}]}}