{"id":3679,"date":"2022-02-21T12:45:14","date_gmt":"2022-02-21T12:45:14","guid":{"rendered":"https:\/\/www.saminter.com\/contactar\/"},"modified":"2023-06-07T15:49:43","modified_gmt":"2023-06-07T15:49:43","slug":"contacte","status":"publish","type":"page","link":"https:\/\/www.saminter.com\/ca\/contacte\/","title":{"rendered":"Contactar"},"content":{"rendered":"\n<div class=\"wp-block-uagb-container uagb-block-19f4302f alignfull uagb-is-root-container\"><div class=\"uagb-container-inner-blocks-wrap\">\n<div class=\"wp-block-uagb-advanced-heading uagb-block-4f84f868\"><h1 class=\"uagb-heading-text\">CONTACTAR<\/h1><\/div>\n<\/div><\/div>\n\n<div class=\"wp-block-uagb-container uagb-block-05eda7cf alignfull uagb-is-root-container\"><div class=\"uagb-container-inner-blocks-wrap\">\n<div class=\"wp-block-uagb-advanced-heading uagb-block-6030fa39\"><h3 class=\"uagb-heading-text\">Demanar pressupost<\/h3><\/div>\n\n\n\n<div class=\"wp-block-uagb-advanced-heading uagb-block-7bd4ac7c\"><h2 class=\"uagb-heading-text\">Contacta i t&#8217;atendrem<\/h2><\/div>\n\n\n\n<p class=\"has-text-align-center\">Sam\u00ednter es un estudi<em> <\/em>especialitzat en el desenvolupament web i software a mida.<br\/>A continuaci\u00f3 pots contactar amb nosaltres de forma immediata, ser\u00e0 un plaer atendre&#8217;t!<\/p>\n\n\n\n<div class=\"wp-block-uagb-container uagb-block-865ada6c\">\n<div class=\"wp-block-uagb-container uagb-block-842c1ab4\">\n<div class=\"wp-block-uagb-advanced-heading uagb-block-2f652718\"><h3 class=\"uagb-heading-text\">Formulari de contacte<\/h3><\/div>\n\n\n<div class=\"wpforms-container \" id=\"wpforms-6\"><form id=\"wpforms-form-6\" class=\"wpforms-validate wpforms-form wpforms-ajax-form\" data-formid=\"6\" method=\"post\" enctype=\"multipart\/form-data\" action=\"\/ca\/wp-json\/wp\/v2\/pages\/3679\" data-token=\"200f77a6199314cc1f75afe408d6b64f\" data-token-time=\"1776466429\"><noscript class=\"wpforms-error-noscript\">Activeu el JavaScript al navegador per a poder completar el formulari.<\/noscript><div class=\"wpforms-field-container\"><div id=\"wpforms-6-field_0-container\" class=\"wpforms-field wpforms-field-name\" data-field-id=\"0\"><label class=\"wpforms-field-label wpforms-label-hide\" for=\"wpforms-6-field_0\">Nom <span class=\"wpforms-required-label\">*<\/span><\/label><input type=\"text\" id=\"wpforms-6-field_0\" class=\"wpforms-field-large wpforms-field-required\" name=\"wpforms[fields][0]\" placeholder=\"Nom\" required><\/div><div id=\"wpforms-6-field_1-container\" class=\"wpforms-field wpforms-field-email\" data-field-id=\"1\"><label class=\"wpforms-field-label wpforms-label-hide\" for=\"wpforms-6-field_1\">Email <span class=\"wpforms-required-label\">*<\/span><\/label><input type=\"email\" id=\"wpforms-6-field_1\" class=\"wpforms-field-large wpforms-field-required\" name=\"wpforms[fields][1]\" placeholder=\"E-mail\" spellcheck=\"false\" required><\/div><div id=\"wpforms-6-field_7-container\" class=\"wpforms-field wpforms-field-text\" data-field-id=\"7\"><label class=\"wpforms-field-label wpforms-label-hide\" for=\"wpforms-6-field_7\">Tel\u00e8fon <span class=\"wpforms-required-label\">*<\/span><\/label><input type=\"text\" id=\"wpforms-6-field_7\" class=\"wpforms-field-large wpforms-field-required\" name=\"wpforms[fields][7]\" placeholder=\"Tel\u00e8fon\" required><\/div><div id=\"wpforms-6-field_2-container\" class=\"wpforms-field wpforms-field-textarea\" data-field-id=\"2\"><label class=\"wpforms-field-label wpforms-label-hide\" for=\"wpforms-6-field_2\">Missatge <span class=\"wpforms-required-label\">*<\/span><\/label><textarea id=\"wpforms-6-field_2\" class=\"wpforms-field-medium wpforms-field-required\" name=\"wpforms[fields][2]\" placeholder=\"Missatge\" required><\/textarea><\/div><div id=\"wpforms-6-field_5-container\" class=\"wpforms-field wpforms-field-checkbox\" data-field-id=\"5\"><label class=\"wpforms-field-label wpforms-label-hide\">Accepto RGPD <span class=\"wpforms-required-label\">*<\/span><\/label><ul id=\"wpforms-6-field_5\" class=\"wpforms-field-required\"><li class=\"choice-1 depth-1\"><input type=\"checkbox\" id=\"wpforms-6-field_5_1\" name=\"wpforms[fields][5][]\" value=\"He llegit i accepto la &lt;a href=&quot;https:\/\/www.saminter.com\/ca\/avis-legal-i-politica-de-privacitat\/&quot;&gt;pol\u00edtica de privacitat&lt;\/a&gt;\" required ><label class=\"wpforms-field-label-inline\" for=\"wpforms-6-field_5_1\">He llegit i accepto la <a href=\"https:\/\/www.saminter.com\/ca\/avis-legal-i-politica-de-privacitat\/\">pol\u00edtica de privacitat<\/a><\/label><\/li><\/ul><\/div><\/div><!-- .wpforms-field-container --><div class=\"wpforms-recaptcha-container wpforms-is-recaptcha wpforms-is-recaptcha-type-v3\" ><input type=\"hidden\" name=\"wpforms[recaptcha]\" value=\"\"><\/div><div class=\"wpforms-submit-container\" ><input type=\"hidden\" name=\"wpforms[id]\" value=\"6\"><input type=\"hidden\" name=\"page_title\" value=\"\"><input type=\"hidden\" name=\"page_url\" value=\"https:\/\/www.saminter.com\/ca\/wp-json\/wp\/v2\/pages\/3679\"><input type=\"hidden\" name=\"url_referer\" value=\"\"><button type=\"submit\" name=\"wpforms[submit]\" id=\"wpforms-submit-6\" class=\"wpforms-submit\" data-alt-text=\"Enviant...\" data-submit-text=\"ENVIAR\" aria-live=\"assertive\" value=\"wpforms-submit\">ENVIAR<\/button><img loading=\"lazy\" decoding=\"async\" src=\"https:\/\/www.saminter.com\/wp-content\/plugins\/wpforms-lite\/assets\/images\/submit-spin.svg\" class=\"wpforms-submit-spinner\" style=\"display: none;\" width=\"26\" height=\"26\" alt=\"S&#039;est\u00e0 carregant\"><\/div><\/form><\/div>  <!-- .wpforms-container -->\n<\/div>\n\n\n\n<div class=\"wp-block-uagb-container columna_contacto uagb-block-34499326\">\n<div class=\"wp-block-uagb-info-box uagb-block-caf5903e uagb-infobox__content-wrap  uagb-infobox-icon-left uagb-infobox-left uagb-infobox-stacked-tablet uagb-infobox-image-valign-top\"><div class=\"uagb-ifb-icon-wrap\"><svg xmlns=\"https:\/\/www.w3.org\/2000\/svg\" viewbox=\"0 0 512 512\"><path d=\"M284.6 181.9c-10.28-8.344-25.41-6.875-33.75 3.406C242.4 195.6 243.9 210.7 254.2 219.1c11.31 9.25 17.81 22.69 17.81 36.87c0 14.19-6.5 27.62-17.81 36.87c-10.28 8.406-11.78 23.53-3.375 33.78c4.719 5.812 11.62 8.812 18.56 8.812c5.344 0 10.75-1.781 15.19-5.406c22.53-18.44 35.44-45.4 35.44-74.05S307.1 200.4 284.6 181.9zM345.1 107.1c-10.22-8.344-25.34-6.907-33.78 3.343c-8.406 10.25-6.906 25.37 3.344 33.78c33.88 27.78 53.31 68.18 53.31 110.9s-19.44 83.09-53.31 110.9c-10.25 8.406-11.75 23.53-3.344 33.78c4.75 5.781 11.62 8.781 18.56 8.781c5.375 0 10.75-1.781 15.22-5.438C390.2 367.1 416 313.1 416 255.1S390.2 144.9 345.1 107.1zM406.4 33.15c-10.22-8.344-25.34-6.875-33.78 3.344c-8.406 10.25-6.906 25.37 3.344 33.78C431.9 116.1 464 183.8 464 255.1s-32.09 139.9-88.06 185.7c-10.25 8.406-11.75 23.53-3.344 33.78c4.75 5.781 11.62 8.781 18.56 8.781c5.375 0 10.75-1.781 15.22-5.438C473.5 423.8 512 342.6 512 255.1S473.5 88.15 406.4 33.15zM151.3 174.6C161.1 175.6 172.1 169.5 176 159.6l33.75-84.38C214 64.35 209.1 51.1 200.2 45.86l-67.47-42.17C123.2-2.289 110.9-.8945 102.9 7.08C-34.32 144.3-34.31 367.7 102.9 504.9c7.982 7.984 20.22 9.379 29.75 3.402l67.48-42.19c9.775-6.104 13.9-18.47 9.598-29.3L176 352.5c-3.945-9.963-14.14-16.11-24.73-14.97l-53.24 5.314C78.89 286.7 78.89 225.4 98.06 169.3L151.3 174.6z\"><\/path><\/svg><\/div><div class=\"uagb-ifb-content\"><div class=\"uagb-ifb-title-wrap\"><h3 class=\"uagb-ifb-title\">Tel\u00e8fon fixe<\/h3><\/div><p class=\"uagb-ifb-desc\"><a href=\"tel:935808023\">93 580 80 23<\/a><\/p><\/div><\/div>\n\n\n\n<div class=\"wp-block-uagb-info-box uagb-block-8267e0a4 uagb-infobox__content-wrap  uagb-infobox-icon-left uagb-infobox-left uagb-infobox-stacked-tablet uagb-infobox-image-valign-top\"><div class=\"uagb-ifb-icon-wrap\"><svg xmlns=\"https:\/\/www.w3.org\/2000\/svg\" viewbox=\"0 0 384 512\"><path d=\"M304 0h-224c-35.35 0-64 28.65-64 64v384c0 35.35 28.65 64 64 64h224c35.35 0 64-28.65 64-64V64C368 28.65 339.3 0 304 0zM192 480c-17.75 0-32-14.25-32-32s14.25-32 32-32s32 14.25 32 32S209.8 480 192 480zM304 64v320h-224V64H304z\"><\/path><\/svg><\/div><div class=\"uagb-ifb-content\"><div class=\"uagb-ifb-title-wrap\"><h3 class=\"uagb-ifb-title\">Tel\u00e8fon m\u00f2bil<\/h3><\/div><p class=\"uagb-ifb-desc\"><a href=\"tel:661356596\">661 35 65 96<\/a><\/p><\/div><\/div>\n\n\n\n<div class=\"wp-block-uagb-info-box uagb-block-670e04a2 uagb-infobox__content-wrap  uagb-infobox-icon-left uagb-infobox-left uagb-infobox-stacked-tablet uagb-infobox-image-valign-top\"><div class=\"uagb-ifb-icon-wrap\"><svg xmlns=\"https:\/\/www.w3.org\/2000\/svg\" viewbox=\"0 0 640 512\"><path d=\"M191.9 448.6c-9.766 0-19.48-2.969-27.78-8.891L32 340.2V480c0 17.62 14.38 32 32 32h256c17.62 0 32-14.38 32-32v-139.8L220.2 439.5C211.7 445.6 201.8 448.6 191.9 448.6zM192 192c0-35.25 28.75-64 64-64h224V32c0-17.62-14.38-32-32-32H128C110.4 0 96 14.38 96 32v192h96V192zM320 256H64C46.38 256 32 270.4 32 288v12.18l151 113.8c5.25 3.719 12.7 3.734 18.27-.25L352 300.2V288C352 270.4 337.6 256 320 256zM576 160H256C238.4 160 224 174.4 224 192v32h96c33.25 0 60.63 25.38 63.75 57.88L384 416h192c17.62 0 32-14.38 32-32V192C608 174.4 593.6 160 576 160zM544 288h-64V224h64V288z\"><\/path><\/svg><\/div><div class=\"uagb-ifb-content\"><div class=\"uagb-ifb-title-wrap\"><h3 class=\"uagb-ifb-title\">E-mail<\/h3><\/div><p class=\"uagb-ifb-desc\">saminter@saminter.com<\/p><\/div><\/div>\n\n\n\n<div class=\"wp-block-uagb-info-box uagb-block-4286adcb uagb-infobox__content-wrap  uagb-infobox-icon-left uagb-infobox-left uagb-infobox-stacked-tablet uagb-infobox-image-valign-top\"><div class=\"uagb-ifb-icon-wrap\"><svg xmlns=\"https:\/\/www.w3.org\/2000\/svg\" viewbox=\"0 0 640 512\"><path d=\"M0 48C0 21.49 21.49 0 48 0H336C362.5 0 384 21.49 384 48V232.2C344.9 264.5 320 313.3 320 368C320 417.5 340.4 462.2 373.3 494.2C364.5 505.1 351.1 512 336 512H240V432C240 405.5 218.5 384 192 384C165.5 384 144 405.5 144 432V512H48C21.49 512 0 490.5 0 464V48zM80 224C71.16 224 64 231.2 64 240V272C64 280.8 71.16 288 80 288H112C120.8 288 128 280.8 128 272V240C128 231.2 120.8 224 112 224H80zM160 272C160 280.8 167.2 288 176 288H208C216.8 288 224 280.8 224 272V240C224 231.2 216.8 224 208 224H176C167.2 224 160 231.2 160 240V272zM272 224C263.2 224 256 231.2 256 240V272C256 280.8 263.2 288 272 288H304C312.8 288 320 280.8 320 272V240C320 231.2 312.8 224 304 224H272zM64 144C64 152.8 71.16 160 80 160H112C120.8 160 128 152.8 128 144V112C128 103.2 120.8 96 112 96H80C71.16 96 64 103.2 64 112V144zM176 96C167.2 96 160 103.2 160 112V144C160 152.8 167.2 160 176 160H208C216.8 160 224 152.8 224 144V112C224 103.2 216.8 96 208 96H176zM256 144C256 152.8 263.2 160 272 160H304C312.8 160 320 152.8 320 144V112C320 103.2 312.8 96 304 96H272C263.2 96 256 103.2 256 112V144zM640 368C640 447.5 575.5 512 496 512C416.5 512 352 447.5 352 368C352 288.5 416.5 224 496 224C575.5 224 640 288.5 640 368zM492.7 323.3L521.4 352H432C423.2 352 416 359.2 416 368C416 376.8 423.2 384 432 384H521.4L492.7 412.7C486.4 418.9 486.4 429.1 492.7 435.3C498.9 441.6 509.1 441.6 515.3 435.3L571.3 379.3C577.6 373.1 577.6 362.9 571.3 356.7L515.3 300.7C509.1 294.4 498.9 294.4 492.7 300.7C486.4 306.9 486.4 317.1 492.7 323.3V323.3z\"><\/path><\/svg><\/div><div class=\"uagb-ifb-content\"><div class=\"uagb-ifb-title-wrap\"><h3 class=\"uagb-ifb-title\">Adre\u00e7a<\/h3><\/div><p class=\"uagb-ifb-desc\">c\/ Sant Salvador, 8, estudi<br\/>08291 Ripollet<br\/>(BARCELONA)<\/p><\/div><\/div>\n<\/div>\n<\/div>\n<\/div><\/div>\n","protected":false},"excerpt":{"rendered":"<p>CONTACTAR Demanar pressupost Contacta i t&#8217;atendrem Sam\u00ednter es un estudi especialitzat en el desenvolupament web i software a mida.A continuaci\u00f3 pots contactar amb nosaltres de forma immediata, ser\u00e0 un plaer atendre&#8217;t! Formulari de contacte<\/p>\n","protected":false},"author":1,"featured_media":0,"parent":0,"menu_order":0,"comment_status":"closed","ping_status":"closed","template":"","meta":{"_uag_custom_page_level_css":"","site-sidebar-layout":"no-sidebar","site-content-layout":"plain-container","ast-site-content-layout":"default","site-content-style":"default","site-sidebar-style":"default","ast-global-header-display":"","ast-banner-title-visibility":"","ast-main-header-display":"","ast-hfb-above-header-display":"","ast-hfb-below-header-display":"","ast-hfb-mobile-header-display":"","site-post-title":"disabled","ast-breadcrumbs-content":"","ast-featured-img":"disabled","footer-sml-layout":"","ast-disable-related-posts":"","theme-transparent-header-meta":"enabled","adv-header-id-meta":"","stick-header-meta":"","header-above-stick-meta":"","header-main-stick-meta":"","header-below-stick-meta":"","astra-migrate-meta-layouts":"default","ast-page-background-enabled":"default","ast-page-background-meta":{"desktop":{"background-color":"var(--ast-global-color-4)","background-image":"","background-repeat":"repeat","background-position":"center center","background-size":"auto","background-attachment":"scroll","background-type":"","background-media":"","overlay-type":"","overlay-color":"","overlay-opacity":"","overlay-gradient":""},"tablet":{"background-color":"","background-image":"","background-repeat":"repeat","background-position":"center center","background-size":"auto","background-attachment":"scroll","background-type":"","background-media":"","overlay-type":"","overlay-color":"","overlay-opacity":"","overlay-gradient":""},"mobile":{"background-color":"","background-image":"","background-repeat":"repeat","background-position":"center center","background-size":"auto","background-attachment":"scroll","background-type":"","background-media":"","overlay-type":"","overlay-color":"","overlay-opacity":"","overlay-gradient":""}},"ast-content-background-meta":{"desktop":{"background-color":"var(--ast-global-color-5)","background-image":"","background-repeat":"repeat","background-position":"center center","background-size":"auto","background-attachment":"scroll","background-type":"","background-media":"","overlay-type":"","overlay-color":"","overlay-opacity":"","overlay-gradient":""},"tablet":{"background-color":"var(--ast-global-color-5)","background-image":"","background-repeat":"repeat","background-position":"center center","background-size":"auto","background-attachment":"scroll","background-type":"","background-media":"","overlay-type":"","overlay-color":"","overlay-opacity":"","overlay-gradient":""},"mobile":{"background-color":"var(--ast-global-color-5)","background-image":"","background-repeat":"repeat","background-position":"center center","background-size":"auto","background-attachment":"scroll","background-type":"","background-media":"","overlay-type":"","overlay-color":"","overlay-opacity":"","overlay-gradient":""}},"footnotes":""},"class_list":["post-3679","page","type-page","status-publish","hentry"],"yoast_head":"<!-- This site is optimized with the Yoast SEO plugin v27.0 - https:\/\/yoast.com\/product\/yoast-seo-wordpress\/ -->\n<title>Contacta amb nosaltres | Sam\u00ednter<\/title>\n<meta name=\"description\" content=\"Contacta amb nosaltres de manera immediata per diferents mitjans. Ser\u00e0 un plaer atendre&#039;t i assessorar-te. Pressupostos sense comprom\u00eds\" \/>\n<meta name=\"robots\" content=\"index, follow, max-snippet:-1, max-image-preview:large, max-video-preview:-1\" \/>\n<link rel=\"canonical\" href=\"https:\/\/www.saminter.com\/ca\/contacte\/\" \/>\n<meta property=\"og:locale\" content=\"ca_ES\" \/>\n<meta property=\"og:type\" content=\"article\" \/>\n<meta property=\"og:title\" content=\"Contacta amb nosaltres | Sam\u00ednter\" \/>\n<meta property=\"og:description\" content=\"Contacta amb nosaltres de manera immediata per diferents mitjans. Ser\u00e0 un plaer atendre&#039;t i assessorar-te. Pressupostos sense comprom\u00eds\" \/>\n<meta property=\"og:url\" content=\"https:\/\/www.saminter.com\/ca\/contacte\/\" \/>\n<meta property=\"og:site_name\" content=\"Sam\u00ednter\" \/>\n<meta property=\"article:modified_time\" content=\"2023-06-07T15:49:43+00:00\" \/>\n<meta name=\"twitter:card\" content=\"summary_large_image\" \/>\n<meta name=\"twitter:label1\" content=\"Temps estimat de lectura\" \/>\n\t<meta name=\"twitter:data1\" content=\"1 minut\" \/>\n<script type=\"application\/ld+json\" class=\"yoast-schema-graph\">{\"@context\":\"https:\/\/schema.org\",\"@graph\":[{\"@type\":\"WebPage\",\"@id\":\"https:\/\/www.saminter.com\/ca\/contacte\/\",\"url\":\"https:\/\/www.saminter.com\/ca\/contacte\/\",\"name\":\"Contacta amb nosaltres | Sam\u00ednter\",\"isPartOf\":{\"@id\":\"https:\/\/www.saminter.com\/ca\/#website\"},\"datePublished\":\"2022-02-21T12:45:14+00:00\",\"dateModified\":\"2023-06-07T15:49:43+00:00\",\"description\":\"Contacta amb nosaltres de manera immediata per diferents mitjans. Ser\u00e0 un plaer atendre't i assessorar-te. Pressupostos sense comprom\u00eds\",\"breadcrumb\":{\"@id\":\"https:\/\/www.saminter.com\/ca\/contacte\/#breadcrumb\"},\"inLanguage\":\"ca\",\"potentialAction\":[{\"@type\":\"ReadAction\",\"target\":[\"https:\/\/www.saminter.com\/ca\/contacte\/\"]}]},{\"@type\":\"BreadcrumbList\",\"@id\":\"https:\/\/www.saminter.com\/ca\/contacte\/#breadcrumb\",\"itemListElement\":[{\"@type\":\"ListItem\",\"position\":1,\"name\":\"Portada\",\"item\":\"https:\/\/www.saminter.com\/ca\/\"},{\"@type\":\"ListItem\",\"position\":2,\"name\":\"Contactar\"}]},{\"@type\":\"WebSite\",\"@id\":\"https:\/\/www.saminter.com\/ca\/#website\",\"url\":\"https:\/\/www.saminter.com\/ca\/\",\"name\":\"Sam\u00ednter\",\"description\":\"\",\"publisher\":{\"@id\":\"https:\/\/www.saminter.com\/ca\/#organization\"},\"potentialAction\":[{\"@type\":\"SearchAction\",\"target\":{\"@type\":\"EntryPoint\",\"urlTemplate\":\"https:\/\/www.saminter.com\/ca\/?s={search_term_string}\"},\"query-input\":{\"@type\":\"PropertyValueSpecification\",\"valueRequired\":true,\"valueName\":\"search_term_string\"}}],\"inLanguage\":\"ca\"},{\"@type\":\"Organization\",\"@id\":\"https:\/\/www.saminter.com\/ca\/#organization\",\"name\":\"Sam\u00ednter\",\"url\":\"https:\/\/www.saminter.com\/ca\/\",\"logo\":{\"@type\":\"ImageObject\",\"inLanguage\":\"ca\",\"@id\":\"https:\/\/www.saminter.com\/ca\/#\/schema\/logo\/image\/\",\"url\":\"https:\/\/www.saminter.com\/wp-content\/uploads\/2023\/02\/nou_logo.png\",\"contentUrl\":\"https:\/\/www.saminter.com\/wp-content\/uploads\/2023\/02\/nou_logo.png\",\"width\":530,\"height\":130,\"caption\":\"Sam\u00ednter\"},\"image\":{\"@id\":\"https:\/\/www.saminter.com\/ca\/#\/schema\/logo\/image\/\"}}]}<\/script>\n<!-- \/ Yoast SEO plugin. -->","yoast_head_json":{"title":"Contacta amb nosaltres | Sam\u00ednter","description":"Contacta amb nosaltres de manera immediata per diferents mitjans. Ser\u00e0 un plaer atendre't i assessorar-te. Pressupostos sense comprom\u00eds","robots":{"index":"index","follow":"follow","max-snippet":"max-snippet:-1","max-image-preview":"max-image-preview:large","max-video-preview":"max-video-preview:-1"},"canonical":"https:\/\/www.saminter.com\/ca\/contacte\/","og_locale":"ca_ES","og_type":"article","og_title":"Contacta amb nosaltres | Sam\u00ednter","og_description":"Contacta amb nosaltres de manera immediata per diferents mitjans. Ser\u00e0 un plaer atendre't i assessorar-te. Pressupostos sense comprom\u00eds","og_url":"https:\/\/www.saminter.com\/ca\/contacte\/","og_site_name":"Sam\u00ednter","article_modified_time":"2023-06-07T15:49:43+00:00","twitter_card":"summary_large_image","twitter_misc":{"Temps estimat de lectura":"1 minut"},"schema":{"@context":"https:\/\/schema.org","@graph":[{"@type":"WebPage","@id":"https:\/\/www.saminter.com\/ca\/contacte\/","url":"https:\/\/www.saminter.com\/ca\/contacte\/","name":"Contacta amb nosaltres | Sam\u00ednter","isPartOf":{"@id":"https:\/\/www.saminter.com\/ca\/#website"},"datePublished":"2022-02-21T12:45:14+00:00","dateModified":"2023-06-07T15:49:43+00:00","description":"Contacta amb nosaltres de manera immediata per diferents mitjans. Ser\u00e0 un plaer atendre't i assessorar-te. Pressupostos sense comprom\u00eds","breadcrumb":{"@id":"https:\/\/www.saminter.com\/ca\/contacte\/#breadcrumb"},"inLanguage":"ca","potentialAction":[{"@type":"ReadAction","target":["https:\/\/www.saminter.com\/ca\/contacte\/"]}]},{"@type":"BreadcrumbList","@id":"https:\/\/www.saminter.com\/ca\/contacte\/#breadcrumb","itemListElement":[{"@type":"ListItem","position":1,"name":"Portada","item":"https:\/\/www.saminter.com\/ca\/"},{"@type":"ListItem","position":2,"name":"Contactar"}]},{"@type":"WebSite","@id":"https:\/\/www.saminter.com\/ca\/#website","url":"https:\/\/www.saminter.com\/ca\/","name":"Sam\u00ednter","description":"","publisher":{"@id":"https:\/\/www.saminter.com\/ca\/#organization"},"potentialAction":[{"@type":"SearchAction","target":{"@type":"EntryPoint","urlTemplate":"https:\/\/www.saminter.com\/ca\/?s={search_term_string}"},"query-input":{"@type":"PropertyValueSpecification","valueRequired":true,"valueName":"search_term_string"}}],"inLanguage":"ca"},{"@type":"Organization","@id":"https:\/\/www.saminter.com\/ca\/#organization","name":"Sam\u00ednter","url":"https:\/\/www.saminter.com\/ca\/","logo":{"@type":"ImageObject","inLanguage":"ca","@id":"https:\/\/www.saminter.com\/ca\/#\/schema\/logo\/image\/","url":"https:\/\/www.saminter.com\/wp-content\/uploads\/2023\/02\/nou_logo.png","contentUrl":"https:\/\/www.saminter.com\/wp-content\/uploads\/2023\/02\/nou_logo.png","width":530,"height":130,"caption":"Sam\u00ednter"},"image":{"@id":"https:\/\/www.saminter.com\/ca\/#\/schema\/logo\/image\/"}}]}},"uagb_featured_image_src":{"full":false,"thumbnail":false,"medium":false,"medium_large":false,"large":false,"1536x1536":false,"2048x2048":false},"uagb_author_info":{"display_name":"UsSam","author_link":"https:\/\/www.saminter.com\/ca\/author\/ussam\/"},"uagb_comment_info":0,"uagb_excerpt":"CONTACTAR Demanar pressupost Contacta i t&#8217;atendrem Sam\u00ednter es un estudi especialitzat en el desenvolupament web i software a mida.A continuaci\u00f3 pots contactar amb nosaltres de forma immediata, ser\u00e0 un plaer atendre&#8217;t! Formulari de contacte","_links":{"self":[{"href":"https:\/\/www.saminter.com\/ca\/wp-json\/wp\/v2\/pages\/3679","targetHints":{"allow":["GET"]}}],"collection":[{"href":"https:\/\/www.saminter.com\/ca\/wp-json\/wp\/v2\/pages"}],"about":[{"href":"https:\/\/www.saminter.com\/ca\/wp-json\/wp\/v2\/types\/page"}],"author":[{"embeddable":true,"href":"https:\/\/www.saminter.com\/ca\/wp-json\/wp\/v2\/users\/1"}],"replies":[{"embeddable":true,"href":"https:\/\/www.saminter.com\/ca\/wp-json\/wp\/v2\/comments?post=3679"}],"version-history":[{"count":14,"href":"https:\/\/www.saminter.com\/ca\/wp-json\/wp\/v2\/pages\/3679\/revisions"}],"predecessor-version":[{"id":4762,"href":"https:\/\/www.saminter.com\/ca\/wp-json\/wp\/v2\/pages\/3679\/revisions\/4762"}],"wp:attachment":[{"href":"https:\/\/www.saminter.com\/ca\/wp-json\/wp\/v2\/media?parent=3679"}],"curies":[{"name":"wp","href":"https:\/\/api.w.org\/{rel}","templated":true}]}}