{"id":5115,"date":"2025-11-28T17:34:03","date_gmt":"2025-11-28T17:34:03","guid":{"rendered":"https:\/\/www.saminter.com\/?page_id=5115"},"modified":"2025-12-02T16:48:37","modified_gmt":"2025-12-02T16:48:37","slug":"projecte-soimer","status":"publish","type":"page","link":"https:\/\/www.saminter.com\/ca\/experiencia\/projecte-soimer\/","title":{"rendered":"projecte soimer"},"content":{"rendered":"\n<div class=\"wp-block-uagb-container uagb-block-1a84060f alignfull uagb-is-root-container\"><div class=\"uagb-container-inner-blocks-wrap\">\n<div class=\"wp-block-uagb-advanced-heading uagb-block-f7a580d0\"><h1 class=\"uagb-heading-text\">EXPERI\u00c8NCIA<\/h1><\/div>\n<\/div><\/div>\n\n<div class=\"wp-block-uagb-container uagb-block-8fb2ae19 alignfull uagb-is-root-container\"><div class=\"uagb-container-inner-blocks-wrap\">\n<div class=\"wp-block-uagb-advanced-heading uagb-block-e16d321f\"><h3 class=\"uagb-heading-text\">Projectes Sam\u00ednter<\/h3><\/div>\n\n\n\n<div class=\"wp-block-uagb-advanced-heading uagb-block-b04a9077\"><h2 class=\"uagb-heading-text\">Soimer<\/h2><\/div>\n<\/div><\/div>\n\n<div class=\"wp-block-uagb-container uagb-block-428f67e4 alignfull uagb-is-root-container\"><div class=\"uagb-container-inner-blocks-wrap\">\n<div class=\"wp-block-uagb-container detalle_proyecto_col_izq uagb-block-0f0946dd\">\n<figure class=\"wp-block-image size-full\"><img loading=\"lazy\" decoding=\"async\" width=\"900\" height=\"1024\" src=\"https:\/\/www.saminter.com\/wp-content\/uploads\/2025\/11\/soimer.jpg\" alt=\"\" class=\"wp-image-5117\" srcset=\"https:\/\/www.saminter.com\/wp-content\/uploads\/2025\/11\/soimer.jpg 900w, https:\/\/www.saminter.com\/wp-content\/uploads\/2025\/11\/soimer-264x300.jpg 264w, https:\/\/www.saminter.com\/wp-content\/uploads\/2025\/11\/soimer-768x874.jpg 768w\" sizes=\"auto, (max-width: 900px) 100vw, 900px\" \/><\/figure>\n<\/div>\n\n\n\n<div class=\"wp-block-uagb-container detalle_proyecto_col_der uagb-block-232a3d07\">\n<div class=\"wp-block-uagb-advanced-heading uagb-block-2a701c02\"><h3 class=\"uagb-heading-text\">Client:<\/h3><\/div>\n\n\n\n<p>Soimer<\/p>\n\n\n\n<div class=\"wp-block-uagb-advanced-heading uagb-block-052fabae\"><h3 class=\"uagb-heading-text\">Tipus:<\/h3><\/div>\n\n\n\n<p>P\u00e0gina web.<\/p>\n\n\n\n<div class=\"wp-block-uagb-advanced-heading uagb-block-c63eaf42\"><h3 class=\"uagb-heading-text\"><strong>Descripci\u00f3:<\/strong><\/h3><\/div>\n\n\n\n<p>Maquetaci\u00f3 i programaci\u00f3 de la p\u00e0gina web de lempresa Soimer. Inclou moltes seccions de tota mena, productes, serveis i cat\u00e0legs.<\/p>\n\n\n\n<div class=\"wp-block-uagb-advanced-heading uagb-block-4fefcbd6\"><h3 class=\"uagb-heading-text\"><strong>Tecnologies<\/strong>:<\/h3><\/div>\n\n\n\n<p>HTML5, CSS3, Javascript, PHP, MySQL, WordPress.<\/p>\n\n\n\n<div class=\"wp-block-uagb-advanced-heading uagb-block-e093bbe9\"><h3 class=\"uagb-heading-text\"><strong>URL<\/strong>:<\/h3><\/div>\n\n\n\n<p>soimer.com<\/p>\n<\/div>\n<\/div><\/div>\n","protected":false},"excerpt":{"rendered":"<p>EXPERI\u00c8NCIA Projectes Sam\u00ednter Soimer Client: Soimer Tipus: P\u00e0gina web. Descripci\u00f3: Maquetaci\u00f3 i programaci\u00f3 de la p\u00e0gina web de lempresa Soimer. Inclou moltes seccions de tota mena, productes, serveis i cat\u00e0legs. Tecnologies: HTML5, CSS3, Javascript, PHP, MySQL, WordPress. URL: soimer.com<\/p>\n","protected":false},"author":1,"featured_media":0,"parent":3480,"menu_order":0,"comment_status":"closed","ping_status":"closed","template":"","meta":{"_uag_custom_page_level_css":"","site-sidebar-layout":"no-sidebar","site-content-layout":"plain-container","ast-site-content-layout":"normal-width-container","site-content-style":"unboxed","site-sidebar-style":"unboxed","ast-global-header-display":"","ast-banner-title-visibility":"","ast-main-header-display":"","ast-hfb-above-header-display":"","ast-hfb-below-header-display":"","ast-hfb-mobile-header-display":"","site-post-title":"disabled","ast-breadcrumbs-content":"","ast-featured-img":"disabled","footer-sml-layout":"","ast-disable-related-posts":"","theme-transparent-header-meta":"enabled","adv-header-id-meta":"","stick-header-meta":"","header-above-stick-meta":"","header-main-stick-meta":"","header-below-stick-meta":"","astra-migrate-meta-layouts":"default","ast-page-background-enabled":"default","ast-page-background-meta":{"desktop":{"background-color":"var(--ast-global-color-4)","background-image":"","background-repeat":"repeat","background-position":"center center","background-size":"auto","background-attachment":"scroll","background-type":"","background-media":"","overlay-type":"","overlay-color":"","overlay-opacity":"","overlay-gradient":""},"tablet":{"background-color":"","background-image":"","background-repeat":"repeat","background-position":"center center","background-size":"auto","background-attachment":"scroll","background-type":"","background-media":"","overlay-type":"","overlay-color":"","overlay-opacity":"","overlay-gradient":""},"mobile":{"background-color":"","background-image":"","background-repeat":"repeat","background-position":"center center","background-size":"auto","background-attachment":"scroll","background-type":"","background-media":"","overlay-type":"","overlay-color":"","overlay-opacity":"","overlay-gradient":""}},"ast-content-background-meta":{"desktop":{"background-color":"var(--ast-global-color-5)","background-image":"","background-repeat":"repeat","background-position":"center center","background-size":"auto","background-attachment":"scroll","background-type":"","background-media":"","overlay-type":"","overlay-color":"","overlay-opacity":"","overlay-gradient":""},"tablet":{"background-color":"var(--ast-global-color-5)","background-image":"","background-repeat":"repeat","background-position":"center center","background-size":"auto","background-attachment":"scroll","background-type":"","background-media":"","overlay-type":"","overlay-color":"","overlay-opacity":"","overlay-gradient":""},"mobile":{"background-color":"var(--ast-global-color-5)","background-image":"","background-repeat":"repeat","background-position":"center center","background-size":"auto","background-attachment":"scroll","background-type":"","background-media":"","overlay-type":"","overlay-color":"","overlay-opacity":"","overlay-gradient":""}},"footnotes":""},"class_list":["post-5115","page","type-page","status-publish","hentry"],"yoast_head":"<!-- This site is optimized with the Yoast SEO plugin v27.0 - https:\/\/yoast.com\/product\/yoast-seo-wordpress\/ -->\n<title>projecte soimer - Sam\u00ednter<\/title>\n<meta name=\"robots\" content=\"noindex, follow\" \/>\n<meta property=\"og:locale\" content=\"ca_ES\" \/>\n<meta property=\"og:type\" content=\"article\" \/>\n<meta property=\"og:title\" content=\"projecte soimer - Sam\u00ednter\" \/>\n<meta property=\"og:description\" content=\"EXPERI\u00c8NCIA Projectes Sam\u00ednter Soimer Client: Soimer Tipus: P\u00e0gina web. Descripci\u00f3: Maquetaci\u00f3 i programaci\u00f3 de la p\u00e0gina web de lempresa Soimer. Inclou moltes seccions de tota mena, productes, serveis i cat\u00e0legs. Tecnologies: HTML5, CSS3, Javascript, PHP, MySQL, WordPress. URL: soimer.com\" \/>\n<meta property=\"og:url\" content=\"https:\/\/www.saminter.com\/ca\/experiencia\/projecte-soimer\/\" \/>\n<meta property=\"og:site_name\" content=\"Sam\u00ednter\" \/>\n<meta property=\"article:modified_time\" content=\"2025-12-02T16:48:37+00:00\" \/>\n<meta property=\"og:image\" content=\"https:\/\/www.saminter.com\/wp-content\/uploads\/2025\/11\/soimer.jpg\" \/>\n\t<meta property=\"og:image:width\" content=\"900\" \/>\n\t<meta property=\"og:image:height\" content=\"1024\" \/>\n\t<meta property=\"og:image:type\" content=\"image\/jpeg\" \/>\n<meta name=\"twitter:card\" content=\"summary_large_image\" \/>\n<script type=\"application\/ld+json\" class=\"yoast-schema-graph\">{\"@context\":\"https:\/\/schema.org\",\"@graph\":[{\"@type\":\"WebPage\",\"@id\":\"https:\/\/www.saminter.com\/ca\/experiencia\/projecte-soimer\/\",\"url\":\"https:\/\/www.saminter.com\/ca\/experiencia\/projecte-soimer\/\",\"name\":\"projecte soimer - Sam\u00ednter\",\"isPartOf\":{\"@id\":\"https:\/\/www.saminter.com\/ca\/#website\"},\"primaryImageOfPage\":{\"@id\":\"https:\/\/www.saminter.com\/ca\/experiencia\/projecte-soimer\/#primaryimage\"},\"image\":{\"@id\":\"https:\/\/www.saminter.com\/ca\/experiencia\/projecte-soimer\/#primaryimage\"},\"thumbnailUrl\":\"https:\/\/www.saminter.com\/wp-content\/uploads\/2025\/11\/soimer.jpg\",\"datePublished\":\"2025-11-28T17:34:03+00:00\",\"dateModified\":\"2025-12-02T16:48:37+00:00\",\"breadcrumb\":{\"@id\":\"https:\/\/www.saminter.com\/ca\/experiencia\/projecte-soimer\/#breadcrumb\"},\"inLanguage\":\"ca\",\"potentialAction\":[{\"@type\":\"ReadAction\",\"target\":[\"https:\/\/www.saminter.com\/ca\/experiencia\/projecte-soimer\/\"]}]},{\"@type\":\"ImageObject\",\"inLanguage\":\"ca\",\"@id\":\"https:\/\/www.saminter.com\/ca\/experiencia\/projecte-soimer\/#primaryimage\",\"url\":\"https:\/\/www.saminter.com\/wp-content\/uploads\/2025\/11\/soimer.jpg\",\"contentUrl\":\"https:\/\/www.saminter.com\/wp-content\/uploads\/2025\/11\/soimer.jpg\"},{\"@type\":\"BreadcrumbList\",\"@id\":\"https:\/\/www.saminter.com\/ca\/experiencia\/projecte-soimer\/#breadcrumb\",\"itemListElement\":[{\"@type\":\"ListItem\",\"position\":1,\"name\":\"Portada\",\"item\":\"https:\/\/www.saminter.com\/ca\/\"},{\"@type\":\"ListItem\",\"position\":2,\"name\":\"Experi\u00e8ncia\",\"item\":\"https:\/\/www.saminter.com\/ca\/experiencia\/\"},{\"@type\":\"ListItem\",\"position\":3,\"name\":\"projecte soimer\"}]},{\"@type\":\"WebSite\",\"@id\":\"https:\/\/www.saminter.com\/ca\/#website\",\"url\":\"https:\/\/www.saminter.com\/ca\/\",\"name\":\"Sam\u00ednter\",\"description\":\"\",\"publisher\":{\"@id\":\"https:\/\/www.saminter.com\/ca\/#organization\"},\"potentialAction\":[{\"@type\":\"SearchAction\",\"target\":{\"@type\":\"EntryPoint\",\"urlTemplate\":\"https:\/\/www.saminter.com\/ca\/?s={search_term_string}\"},\"query-input\":{\"@type\":\"PropertyValueSpecification\",\"valueRequired\":true,\"valueName\":\"search_term_string\"}}],\"inLanguage\":\"ca\"},{\"@type\":\"Organization\",\"@id\":\"https:\/\/www.saminter.com\/ca\/#organization\",\"name\":\"Sam\u00ednter\",\"url\":\"https:\/\/www.saminter.com\/ca\/\",\"logo\":{\"@type\":\"ImageObject\",\"inLanguage\":\"ca\",\"@id\":\"https:\/\/www.saminter.com\/ca\/#\/schema\/logo\/image\/\",\"url\":\"https:\/\/www.saminter.com\/wp-content\/uploads\/2023\/02\/nou_logo.png\",\"contentUrl\":\"https:\/\/www.saminter.com\/wp-content\/uploads\/2023\/02\/nou_logo.png\",\"width\":530,\"height\":130,\"caption\":\"Sam\u00ednter\"},\"image\":{\"@id\":\"https:\/\/www.saminter.com\/ca\/#\/schema\/logo\/image\/\"}}]}<\/script>\n<!-- \/ Yoast SEO plugin. -->","yoast_head_json":{"title":"projecte soimer - Sam\u00ednter","robots":{"index":"noindex","follow":"follow"},"og_locale":"ca_ES","og_type":"article","og_title":"projecte soimer - Sam\u00ednter","og_description":"EXPERI\u00c8NCIA Projectes Sam\u00ednter Soimer Client: Soimer Tipus: P\u00e0gina web. Descripci\u00f3: Maquetaci\u00f3 i programaci\u00f3 de la p\u00e0gina web de lempresa Soimer. Inclou moltes seccions de tota mena, productes, serveis i cat\u00e0legs. Tecnologies: HTML5, CSS3, Javascript, PHP, MySQL, WordPress. URL: soimer.com","og_url":"https:\/\/www.saminter.com\/ca\/experiencia\/projecte-soimer\/","og_site_name":"Sam\u00ednter","article_modified_time":"2025-12-02T16:48:37+00:00","og_image":[{"width":900,"height":1024,"url":"https:\/\/www.saminter.com\/wp-content\/uploads\/2025\/11\/soimer.jpg","type":"image\/jpeg"}],"twitter_card":"summary_large_image","schema":{"@context":"https:\/\/schema.org","@graph":[{"@type":"WebPage","@id":"https:\/\/www.saminter.com\/ca\/experiencia\/projecte-soimer\/","url":"https:\/\/www.saminter.com\/ca\/experiencia\/projecte-soimer\/","name":"projecte soimer - Sam\u00ednter","isPartOf":{"@id":"https:\/\/www.saminter.com\/ca\/#website"},"primaryImageOfPage":{"@id":"https:\/\/www.saminter.com\/ca\/experiencia\/projecte-soimer\/#primaryimage"},"image":{"@id":"https:\/\/www.saminter.com\/ca\/experiencia\/projecte-soimer\/#primaryimage"},"thumbnailUrl":"https:\/\/www.saminter.com\/wp-content\/uploads\/2025\/11\/soimer.jpg","datePublished":"2025-11-28T17:34:03+00:00","dateModified":"2025-12-02T16:48:37+00:00","breadcrumb":{"@id":"https:\/\/www.saminter.com\/ca\/experiencia\/projecte-soimer\/#breadcrumb"},"inLanguage":"ca","potentialAction":[{"@type":"ReadAction","target":["https:\/\/www.saminter.com\/ca\/experiencia\/projecte-soimer\/"]}]},{"@type":"ImageObject","inLanguage":"ca","@id":"https:\/\/www.saminter.com\/ca\/experiencia\/projecte-soimer\/#primaryimage","url":"https:\/\/www.saminter.com\/wp-content\/uploads\/2025\/11\/soimer.jpg","contentUrl":"https:\/\/www.saminter.com\/wp-content\/uploads\/2025\/11\/soimer.jpg"},{"@type":"BreadcrumbList","@id":"https:\/\/www.saminter.com\/ca\/experiencia\/projecte-soimer\/#breadcrumb","itemListElement":[{"@type":"ListItem","position":1,"name":"Portada","item":"https:\/\/www.saminter.com\/ca\/"},{"@type":"ListItem","position":2,"name":"Experi\u00e8ncia","item":"https:\/\/www.saminter.com\/ca\/experiencia\/"},{"@type":"ListItem","position":3,"name":"projecte soimer"}]},{"@type":"WebSite","@id":"https:\/\/www.saminter.com\/ca\/#website","url":"https:\/\/www.saminter.com\/ca\/","name":"Sam\u00ednter","description":"","publisher":{"@id":"https:\/\/www.saminter.com\/ca\/#organization"},"potentialAction":[{"@type":"SearchAction","target":{"@type":"EntryPoint","urlTemplate":"https:\/\/www.saminter.com\/ca\/?s={search_term_string}"},"query-input":{"@type":"PropertyValueSpecification","valueRequired":true,"valueName":"search_term_string"}}],"inLanguage":"ca"},{"@type":"Organization","@id":"https:\/\/www.saminter.com\/ca\/#organization","name":"Sam\u00ednter","url":"https:\/\/www.saminter.com\/ca\/","logo":{"@type":"ImageObject","inLanguage":"ca","@id":"https:\/\/www.saminter.com\/ca\/#\/schema\/logo\/image\/","url":"https:\/\/www.saminter.com\/wp-content\/uploads\/2023\/02\/nou_logo.png","contentUrl":"https:\/\/www.saminter.com\/wp-content\/uploads\/2023\/02\/nou_logo.png","width":530,"height":130,"caption":"Sam\u00ednter"},"image":{"@id":"https:\/\/www.saminter.com\/ca\/#\/schema\/logo\/image\/"}}]}},"uagb_featured_image_src":{"full":false,"thumbnail":false,"medium":false,"medium_large":false,"large":false,"1536x1536":false,"2048x2048":false},"uagb_author_info":{"display_name":"UsSam","author_link":"https:\/\/www.saminter.com\/ca\/author\/ussam\/"},"uagb_comment_info":0,"uagb_excerpt":"EXPERI\u00c8NCIA Projectes Sam\u00ednter Soimer Client: Soimer Tipus: P\u00e0gina web. Descripci\u00f3: Maquetaci\u00f3 i programaci\u00f3 de la p\u00e0gina web de lempresa Soimer. Inclou moltes seccions de tota mena, productes, serveis i cat\u00e0legs. Tecnologies: HTML5, CSS3, Javascript, PHP, MySQL, WordPress. URL: soimer.com","_links":{"self":[{"href":"https:\/\/www.saminter.com\/ca\/wp-json\/wp\/v2\/pages\/5115","targetHints":{"allow":["GET"]}}],"collection":[{"href":"https:\/\/www.saminter.com\/ca\/wp-json\/wp\/v2\/pages"}],"about":[{"href":"https:\/\/www.saminter.com\/ca\/wp-json\/wp\/v2\/types\/page"}],"author":[{"embeddable":true,"href":"https:\/\/www.saminter.com\/ca\/wp-json\/wp\/v2\/users\/1"}],"replies":[{"embeddable":true,"href":"https:\/\/www.saminter.com\/ca\/wp-json\/wp\/v2\/comments?post=5115"}],"version-history":[{"count":5,"href":"https:\/\/www.saminter.com\/ca\/wp-json\/wp\/v2\/pages\/5115\/revisions"}],"predecessor-version":[{"id":5127,"href":"https:\/\/www.saminter.com\/ca\/wp-json\/wp\/v2\/pages\/5115\/revisions\/5127"}],"up":[{"embeddable":true,"href":"https:\/\/www.saminter.com\/ca\/wp-json\/wp\/v2\/pages\/3480"}],"wp:attachment":[{"href":"https:\/\/www.saminter.com\/ca\/wp-json\/wp\/v2\/media?parent=5115"}],"curies":[{"name":"wp","href":"https:\/\/api.w.org\/{rel}","templated":true}]}}